{"id":948,"date":"2018-02-08T19:04:48","date_gmt":"2018-02-08T19:04:48","guid":{"rendered":"http:\/\/darlex.es\/hospitality\/"},"modified":"2019-11-07T10:49:57","modified_gmt":"2019-11-07T10:49:57","slug":"hospitality","status":"publish","type":"page","link":"https:\/\/www.darlexsoluciones.es\/ca\/hospitality\/","title":{"rendered":"PROJECT"},"content":{"rendered":"<div id='full_slider_1'  class='avia-fullwidth-slider main_color avia-shadow   avia-builder-el-0  el_before_av_section  avia-builder-el-first   container_wrap sidebar_right'  ><div   data-size='featured'  data-lightbox_size='large'  data-animation='slide'  data-conditional_play=''  data-ids='2709'  data-video_counter='0'  data-autoplay='false'  data-bg_slider='false'  data-slide_height=''  data-handle='av_slideshow_full'  data-interval='5'  data-class=' '  data-el_id=''  data-css_id=''  data-scroll_down=''  data-control_layout='av-control-default'  data-custom_markup=''  data-perma_caption=''  data-autoplay_stopper=''  data-image_attachment=''  data-min_height='0px'  data-lazy_loading='disabled'  data-src=''  data-position='top left'  data-repeat='no-repeat'  data-attach='scroll'  data-stretch=''  data-img_scrset=''  data-default-height='28.666666666667'  class='avia-slideshow avia-slideshow-1  av-control-default av-default-height-applied avia-slideshow-featured av_slideshow_full   avia-slide-slider '  itemprop=\"image\" itemscope=\"itemscope\" itemtype=\"https:\/\/schema.org\/ImageObject\" ><ul class='avia-slideshow-inner ' style='padding-bottom: 28.666666666667%;' ><li  class=' av-single-slide slide-1 ' ><div data-rel='slideshow-1' class='avia-slide-wrap '   ><img class=\"wp-image-4790 avia-img-lazy-loading-not-4790\"  src=\"https:\/\/www.darlexsoluciones.es\/wp-content\/uploads\/slider-project-1500x430.jpg\" width=\"1500\" height=\"430\" title='slider-project' alt=''  itemprop=\"thumbnailUrl\"   \/><\/div><\/li><\/ul><\/div><\/div>\n<div id='av_section_1'  class='avia-section av-av_section-f3892e610ee9633c68397830e8f2c661 main_color avia-section-default avia-no-border-styling  avia-builder-el-1  el_after_av_slideshow_full  el_before_av_section  avia-bg-style-scroll  container_wrap sidebar_right'  ><div class='container av-section-cont-open' ><div class='template-page content  av-content-small alpha units'><div class='post-entry post-entry-type-page post-entry-948'><div class='entry-content-wrapper clearfix'>\n\n<style type=\"text\/css\" data-created_by=\"avia_inline_auto\" id=\"style-css-av-av_one_half-15d750bd1b332b34c6e70b077ebbccdf\">\n.flex_column.av-av_one_half-15d750bd1b332b34c6e70b077ebbccdf{\nborder-radius:0px 0px 0px 0px;\n-webkit-border-radius:0px 0px 0px 0px;\n-moz-border-radius:0px 0px 0px 0px;\n}\n<\/style>\n<div class='flex_column av-av_one_half-15d750bd1b332b34c6e70b077ebbccdf av_one_half  avia-builder-el-2  el_before_av_one_half  avia-builder-el-first  first flex_column_div av-zero-column-padding '   ><p>\n<style type=\"text\/css\" data-created_by=\"avia_inline_auto\" id=\"style-css-av-av_heading-3c8080b4b422adac811b8abb92a4da95\">\n#top .av-special-heading.av-av_heading-3c8080b4b422adac811b8abb92a4da95{\npadding-bottom:10px;\nfont-size:30px;\n}\n<\/style>\n<div  class='av-special-heading av-av_heading-3c8080b4b422adac811b8abb92a4da95 av-special-heading-h3 blockquote modern-quote  avia-builder-el-3  el_before_av_image  avia-builder-el-first  av-inherit-size '><h3 class='av-special-heading-tag '  itemprop=\"headline\"  >DARLEX Hospitality<\/h3><div class='special-heading-border'><div class='special-heading-inner-border'><\/div><\/div><\/div><br \/>\n\n<style type=\"text\/css\" data-created_by=\"avia_inline_auto\" id=\"style-css-av-av_image-1c3d236d65bb77b470be0fbecdf8e933\">\n.avia-image-container.av-av_image-1c3d236d65bb77b470be0fbecdf8e933 .av-image-caption-overlay-center{\ncolor:#ffffff;\n}\n<\/style>\n<div  class='avia-image-container av-av_image-1c3d236d65bb77b470be0fbecdf8e933 av-styling-no-styling avia-align-center  avia-builder-el-4  el_after_av_heading  el_before_av_button  '  itemprop=\"image\" itemscope=\"itemscope\" itemtype=\"https:\/\/schema.org\/ImageObject\" ><div class=\"avia-image-container-inner\"><div class=\"avia-image-overlay-wrap\"><img class='wp-image-4106 avia-img-lazy-loading-not-4106 avia_image' src=\"https:\/\/www.darlexsoluciones.es\/wp-content\/uploads\/D-COCINA-OK1-495x400.jpg\" alt='' title='Hosteler\u00eda'  height=\"400\" width=\"495\"  itemprop=\"thumbnailUrl\" srcset=\"https:\/\/www.darlexsoluciones.es\/wp-content\/uploads\/D-COCINA-OK1-495x400.jpg 495w, https:\/\/www.darlexsoluciones.es\/wp-content\/uploads\/D-COCINA-OK1-845x684.jpg 845w\" sizes=\"(max-width: 495px) 100vw, 495px\" \/><\/div><\/div><\/div><br \/>\n<div  class='avia-button-wrap avia-button-center  avia-builder-el-5  el_after_av_image  avia-builder-el-last ' >\n<style type=\"text\/css\" data-created_by=\"avia_inline_auto\" id=\"style-css-av-av_button-f5cc655bdc066ec453cde6913515771b\">\n#top #wrap_all .avia-button.av-av_button-f5cc655bdc066ec453cde6913515771b{\nbackground-color:#445291;\nborder-color:#445291;\ncolor:#ffffff;\ntransition:all 0.4s ease-in-out;\n-webkit-transition:all 0.4s ease-in-out;\n-moz-transition:all 0.4s ease-in-out;\n-ms-transition:all 0.4s ease-in-out;\n-o-transition:all 0.4s ease-in-out;\n}\n<\/style>\n<a href='https:\/\/www.darlexsoluciones.es\/hospitality\/hospitality\/'  class='avia-button av-av_button-f5cc655bdc066ec453cde6913515771b avia-icon_select-yes-left-icon avia-size-small avia-position-center ' ><span class='avia_button_icon avia_button_icon_left' aria-hidden='true' data-av_icon='\ue875' data-av_iconfont='entypo-fontello'><\/span><span class='avia_iconbox_title' >Entrar<\/span><\/a><\/div><\/p><\/div>\n<style type=\"text\/css\" data-created_by=\"avia_inline_auto\" id=\"style-css-av-av_one_half-c8fc129dc35fd1ae2a1e410224d39ea8\">\n.flex_column.av-av_one_half-c8fc129dc35fd1ae2a1e410224d39ea8{\nborder-radius:0px 0px 0px 0px;\n-webkit-border-radius:0px 0px 0px 0px;\n-moz-border-radius:0px 0px 0px 0px;\n}\n<\/style>\n<div class='flex_column av-av_one_half-c8fc129dc35fd1ae2a1e410224d39ea8 av_one_half  avia-builder-el-6  el_after_av_one_half  avia-builder-el-last  flex_column_div av-zero-column-padding '   ><p>\n<style type=\"text\/css\" data-created_by=\"avia_inline_auto\" id=\"style-css-av-av_heading-9f94f49e0dc16e49c5856661c2168989\">\n#top .av-special-heading.av-av_heading-9f94f49e0dc16e49c5856661c2168989{\npadding-bottom:10px;\nfont-size:30px;\n}\n<\/style>\n<div  class='av-special-heading av-av_heading-9f94f49e0dc16e49c5856661c2168989 av-special-heading-h3 blockquote modern-quote  avia-builder-el-7  el_before_av_image  avia-builder-el-first  av-inherit-size '><h3 class='av-special-heading-tag '  itemprop=\"headline\"  >DARLEX Industry<\/h3><div class='special-heading-border'><div class='special-heading-inner-border'><\/div><\/div><\/div><br \/>\n\n<style type=\"text\/css\" data-created_by=\"avia_inline_auto\" id=\"style-css-av-av_image-4112465e1caa7aed457df4a022eb9b3f\">\n.avia-image-container.av-av_image-4112465e1caa7aed457df4a022eb9b3f .av-image-caption-overlay-center{\ncolor:#ffffff;\n}\n<\/style>\n<div  class='avia-image-container av-av_image-4112465e1caa7aed457df4a022eb9b3f av-styling-no-styling avia-align-center  avia-builder-el-8  el_after_av_heading  el_before_av_button  '  itemprop=\"image\" itemscope=\"itemscope\" itemtype=\"https:\/\/schema.org\/ImageObject\" ><div class=\"avia-image-container-inner\"><div class=\"avia-image-overlay-wrap\"><img class='wp-image-4784 avia-img-lazy-loading-not-4784 avia_image' src=\"https:\/\/www.darlexsoluciones.es\/wp-content\/uploads\/Industry-495x400.jpg\" alt='' title='Industry'  height=\"400\" width=\"495\"  itemprop=\"thumbnailUrl\" srcset=\"https:\/\/www.darlexsoluciones.es\/wp-content\/uploads\/Industry-495x400.jpg 495w, https:\/\/www.darlexsoluciones.es\/wp-content\/uploads\/Industry-845x684.jpg 845w\" sizes=\"(max-width: 495px) 100vw, 495px\" \/><\/div><\/div><\/div><br \/>\n<div  class='avia-button-wrap avia-button-center  avia-builder-el-9  el_after_av_image  avia-builder-el-last ' >\n<style type=\"text\/css\" data-created_by=\"avia_inline_auto\" id=\"style-css-av-av_button-e6271bca5efc9ef678deae8fad86bd17\">\n#top #wrap_all .avia-button.av-av_button-e6271bca5efc9ef678deae8fad86bd17{\nbackground-color:#445291;\nborder-color:#445291;\ncolor:#ffffff;\ntransition:all 0.4s ease-in-out;\n-webkit-transition:all 0.4s ease-in-out;\n-moz-transition:all 0.4s ease-in-out;\n-ms-transition:all 0.4s ease-in-out;\n-o-transition:all 0.4s ease-in-out;\n}\n<\/style>\n<a href='https:\/\/www.darlexsoluciones.es\/hospitality\/industry\/'  class='avia-button av-av_button-e6271bca5efc9ef678deae8fad86bd17 avia-icon_select-yes-left-icon avia-size-small avia-position-center ' ><span class='avia_button_icon avia_button_icon_left' aria-hidden='true' data-av_icon='\ue875' data-av_iconfont='entypo-fontello'><\/span><span class='avia_iconbox_title' >Entrar<\/span><\/a><\/div><\/p><\/div><\/div><\/div><\/div><!-- close content main div --><\/div><\/div><div id='av_section_2'  class='avia-section av-av_section-f3892e610ee9633c68397830e8f2c661 main_color avia-section-default avia-no-border-styling  avia-builder-el-10  el_after_av_section  avia-builder-el-last  avia-bg-style-scroll  container_wrap sidebar_right'  ><div class='container av-section-cont-open' ><div class='template-page content  av-content-small alpha units'><div class='post-entry post-entry-type-page post-entry-948'><div class='entry-content-wrapper clearfix'>\n<div class='flex_column_table av-av_two_fifth-1f15b01c231f8b34e1362c844f22d166 sc-av_two_fifth av-equal-height-column-flextable'>\n<style type=\"text\/css\" data-created_by=\"avia_inline_auto\" id=\"style-css-av-av_two_fifth-1f15b01c231f8b34e1362c844f22d166\">\n.flex_column.av-av_two_fifth-1f15b01c231f8b34e1362c844f22d166{\nborder-radius:0px 0px 0px 0px;\n-webkit-border-radius:0px 0px 0px 0px;\n-moz-border-radius:0px 0px 0px 0px;\n}\n<\/style>\n<div class='flex_column av-av_two_fifth-1f15b01c231f8b34e1362c844f22d166 av_two_fifth  avia-builder-el-11  el_before_av_three_fifth  avia-builder-el-first  first flex_column_table_cell av-equal-height-column av-align-middle av-zero-column-padding '   ><div   data-size='shop_catalog'  data-lightbox_size='large'  data-animation='fade'  data-conditional_play=''  data-ids='381,380,383,400'  data-video_counter='0'  data-autoplay='true'  data-bg_slider='false'  data-slide_height=''  data-handle='av_slideshow'  data-interval='5'  data-class=' avia-builder-el-12  avia-builder-el-no-sibling  '  data-el_id=''  data-css_id=''  data-scroll_down=''  data-control_layout='av-control-default'  data-custom_markup=''  data-perma_caption=''  data-autoplay_stopper=''  data-image_attachment=''  data-min_height='0px'  data-lazy_loading='disabled'  data-img_scrset=''  class='avia-slideshow avia-slideshow-2  av-control-default av-default-height-applied avia-slideshow-shop_catalog av_slideshow  avia-builder-el-12  avia-builder-el-no-sibling   avia-fade-slider '  itemprop=\"image\" itemscope=\"itemscope\" itemtype=\"https:\/\/schema.org\/ImageObject\" ><ul class='avia-slideshow-inner ' style='padding-bottom: 100%;' ><li  class=' slide-1 ' ><div data-rel='slideshow-2' class='avia-slide-wrap '   ><img class=\"wp-image-3566 avia-img-lazy-loading-not-3566\"  src=\"https:\/\/www.darlexsoluciones.es\/wp-content\/uploads\/Sumidero-ducha-darlex.jpg\" width=\"350\" height=\"350\" title='Sumidero desag\u00fces ducha' alt=''  itemprop=\"thumbnailUrl\" srcset=\"https:\/\/www.darlexsoluciones.es\/wp-content\/uploads\/Sumidero-ducha-darlex.jpg 350w, https:\/\/www.darlexsoluciones.es\/wp-content\/uploads\/Sumidero-ducha-darlex-80x80.jpg 80w, https:\/\/www.darlexsoluciones.es\/wp-content\/uploads\/Sumidero-ducha-darlex-300x300.jpg 300w, https:\/\/www.darlexsoluciones.es\/wp-content\/uploads\/Sumidero-ducha-darlex-36x36.jpg 36w, https:\/\/www.darlexsoluciones.es\/wp-content\/uploads\/Sumidero-ducha-darlex-180x180.jpg 180w, https:\/\/www.darlexsoluciones.es\/wp-content\/uploads\/Sumidero-ducha-darlex-120x120.jpg 120w\" sizes=\"(max-width: 350px) 100vw, 350px\" \/><\/div><\/li><li  class=' slide-2 ' ><div data-rel='slideshow-2' class='avia-slide-wrap '   ><img class=\"wp-image-3563 avia-img-lazy-loading-not-3563\"  src=\"https:\/\/www.darlexsoluciones.es\/wp-content\/uploads\/Sumidero-cocina-darlex.jpg\" width=\"350\" height=\"350\" title='Sumidero desag\u00fces cocina' alt=''  itemprop=\"thumbnailUrl\" srcset=\"https:\/\/www.darlexsoluciones.es\/wp-content\/uploads\/Sumidero-cocina-darlex.jpg 350w, https:\/\/www.darlexsoluciones.es\/wp-content\/uploads\/Sumidero-cocina-darlex-80x80.jpg 80w, https:\/\/www.darlexsoluciones.es\/wp-content\/uploads\/Sumidero-cocina-darlex-300x300.jpg 300w, https:\/\/www.darlexsoluciones.es\/wp-content\/uploads\/Sumidero-cocina-darlex-36x36.jpg 36w, https:\/\/www.darlexsoluciones.es\/wp-content\/uploads\/Sumidero-cocina-darlex-180x180.jpg 180w, https:\/\/www.darlexsoluciones.es\/wp-content\/uploads\/Sumidero-cocina-darlex-120x120.jpg 120w\" sizes=\"(max-width: 350px) 100vw, 350px\" \/><\/div><\/li><li  class=' slide-3 ' ><div data-rel='slideshow-2' class='avia-slide-wrap '   ><img class=\"wp-image-3572 avia-img-lazy-loading-not-3572\"  src=\"https:\/\/www.darlexsoluciones.es\/wp-content\/uploads\/Canal-ducha-darlex.jpg\" width=\"350\" height=\"350\" title='Canal desag\u00fces ducha' alt=''  itemprop=\"thumbnailUrl\" srcset=\"https:\/\/www.darlexsoluciones.es\/wp-content\/uploads\/Canal-ducha-darlex.jpg 350w, https:\/\/www.darlexsoluciones.es\/wp-content\/uploads\/Canal-ducha-darlex-80x80.jpg 80w, https:\/\/www.darlexsoluciones.es\/wp-content\/uploads\/Canal-ducha-darlex-300x300.jpg 300w, https:\/\/www.darlexsoluciones.es\/wp-content\/uploads\/Canal-ducha-darlex-36x36.jpg 36w, https:\/\/www.darlexsoluciones.es\/wp-content\/uploads\/Canal-ducha-darlex-180x180.jpg 180w, https:\/\/www.darlexsoluciones.es\/wp-content\/uploads\/Canal-ducha-darlex-120x120.jpg 120w\" sizes=\"(max-width: 350px) 100vw, 350px\" \/><\/div><\/li><li  class=' slide-4 ' ><div data-rel='slideshow-2' class='avia-slide-wrap '   ><img class=\"wp-image-3596 avia-img-lazy-loading-not-3596\"  src=\"https:\/\/www.darlexsoluciones.es\/wp-content\/uploads\/tapa-rellenable-darlex.jpg\" width=\"350\" height=\"350\" title='Tapas rellenables' alt=''  itemprop=\"thumbnailUrl\" srcset=\"https:\/\/www.darlexsoluciones.es\/wp-content\/uploads\/tapa-rellenable-darlex.jpg 350w, https:\/\/www.darlexsoluciones.es\/wp-content\/uploads\/tapa-rellenable-darlex-80x80.jpg 80w, https:\/\/www.darlexsoluciones.es\/wp-content\/uploads\/tapa-rellenable-darlex-300x300.jpg 300w, https:\/\/www.darlexsoluciones.es\/wp-content\/uploads\/tapa-rellenable-darlex-36x36.jpg 36w, https:\/\/www.darlexsoluciones.es\/wp-content\/uploads\/tapa-rellenable-darlex-180x180.jpg 180w, https:\/\/www.darlexsoluciones.es\/wp-content\/uploads\/tapa-rellenable-darlex-120x120.jpg 120w\" sizes=\"(max-width: 350px) 100vw, 350px\" \/><\/div><\/li><\/ul><div class='avia-slideshow-arrows avia-slideshow-controls' ><a href='#prev' class='prev-slide ' aria-hidden='true' data-av_icon='\ue87c' data-av_iconfont='entypo-fontello'  tabindex='-1'>Anterior<\/a><a href='#next' class='next-slide ' aria-hidden='true' data-av_icon='\ue87d' data-av_iconfont='entypo-fontello'  tabindex='-1'>Seg\u00fcent<\/a><\/div><div class='avia-slideshow-dots avia-slideshow-controls'><a href='#1' class='goto-slide active' >1<\/a><a href='#2' class='goto-slide ' >2<\/a><a href='#3' class='goto-slide ' >3<\/a><a href='#4' class='goto-slide ' >4<\/a><\/div><\/div><\/div><div class='av-flex-placeholder'><\/div>\n<style type=\"text\/css\" data-created_by=\"avia_inline_auto\" id=\"style-css-av-av_three_fifth-c8fc129dc35fd1ae2a1e410224d39ea8\">\n.flex_column.av-av_three_fifth-c8fc129dc35fd1ae2a1e410224d39ea8{\nborder-radius:0px 0px 0px 0px;\n-webkit-border-radius:0px 0px 0px 0px;\n-moz-border-radius:0px 0px 0px 0px;\n}\n<\/style>\n<div class='flex_column av-av_three_fifth-c8fc129dc35fd1ae2a1e410224d39ea8 av_three_fifth  avia-builder-el-13  el_after_av_two_fifth  avia-builder-el-last  flex_column_table_cell av-equal-height-column av-align-middle av-zero-column-padding '   ><p>\n<style type=\"text\/css\" data-created_by=\"avia_inline_auto\" id=\"style-css-av-av_heading-a39e4f450aa8ab0b52b47b48be22f906\">\n#top .av-special-heading.av-av_heading-a39e4f450aa8ab0b52b47b48be22f906{\npadding-bottom:20px;\nfont-size:25px;\n}\n<\/style>\n<div  class='av-special-heading av-av_heading-a39e4f450aa8ab0b52b47b48be22f906 av-special-heading-h3 blockquote modern-quote  avia-builder-el-14  el_before_av_textblock  avia-builder-el-first  av-inherit-size '><h3 class='av-special-heading-tag '  itemprop=\"headline\"  >La nostra tecnologia treballa per vost\u00e8<\/h3><div class='special-heading-border'><div class='special-heading-inner-border'><\/div><\/div><\/div><br \/>\n<section class=\"av_textblock_section \"  itemscope=\"itemscope\" itemtype=\"https:\/\/schema.org\/CreativeWork\" ><div class='avia_textblock  '   itemprop=\"text\" ><h3>Tecnologia nacional per solucions definitives<\/h3>\n<p>DARLEX pret\u00e9n, a trav\u00e9s d&#8217;una pol\u00edtica de servei exclusiu al client, arribar a cobrir totes les necessitats que es presenten en el dia a dia i en els projectes de Laboratoris, Centres Farmac\u00e8utics, Hospitals, Hostaleria i col\u00b7lectivitats en general.<\/p>\n<\/div><\/section><br \/>\n\n<style type=\"text\/css\" data-created_by=\"avia_inline_auto\" id=\"style-css-av-av_hr-37db7774972b8d591729063a7f1a425c\">\n#top .hr.hr-invisible.av-av_hr-37db7774972b8d591729063a7f1a425c{\nheight:50px;\n}\n<\/style>\n<div  class='hr av-av_hr-37db7774972b8d591729063a7f1a425c hr-invisible  avia-builder-el-16  el_after_av_textblock  el_before_av_heading  '><span class='hr-inner '><span class=\"hr-inner-style\"><\/span><\/span><\/div><br \/>\n\n<style type=\"text\/css\" data-created_by=\"avia_inline_auto\" id=\"style-css-av-av_heading-bb4e3337456e1916639d950fe74d8a9d\">\n#top .av-special-heading.av-av_heading-bb4e3337456e1916639d950fe74d8a9d{\npadding-bottom:20px;\nfont-size:25px;\n}\n<\/style>\n<div  class='av-special-heading av-av_heading-bb4e3337456e1916639d950fe74d8a9d av-special-heading-h3 blockquote modern-quote  avia-builder-el-17  el_after_av_hr  el_before_av_textblock  av-inherit-size '><h3 class='av-special-heading-tag '  itemprop=\"headline\"  >Solucions personalitzades<\/h3><div class='special-heading-border'><div class='special-heading-inner-border'><\/div><\/div><\/div><br \/>\n<section class=\"av_textblock_section \"  itemscope=\"itemscope\" itemtype=\"https:\/\/schema.org\/CreativeWork\" ><div class='avia_textblock  '   itemprop=\"text\" ><h3>En un m\u00f3n global, solucions personalitzades<\/h3>\n<p>Des de fa un temps hem vist com les empreses estandarditzen els seus productes sense pensar en els seus clients, nom\u00e9s a maximitzar els resultats de les seves empreses. Des DARLEX ens hem proposat humanitzar les nostres relacions empresarials.<\/p>\n<\/div><\/section><\/p><\/div><\/div><!--close column table wrapper. Autoclose: 1 -->\n<\/div><\/div><\/div><!-- close content main div --><\/div><\/div><div id='after_section_2'  class='main_color av_default_container_wrap container_wrap sidebar_right'  ><div class='container av-section-cont-open' ><div class='template-page content  av-content-small alpha units'><div class='post-entry post-entry-type-page post-entry-948'><div class='entry-content-wrapper clearfix'><\/p>\n","protected":false},"excerpt":{"rendered":"","protected":false},"author":2,"featured_media":0,"parent":0,"menu_order":0,"comment_status":"closed","ping_status":"closed","template":"","meta":[],"_links":{"self":[{"href":"https:\/\/www.darlexsoluciones.es\/ca\/wp-json\/wp\/v2\/pages\/948"}],"collection":[{"href":"https:\/\/www.darlexsoluciones.es\/ca\/wp-json\/wp\/v2\/pages"}],"about":[{"href":"https:\/\/www.darlexsoluciones.es\/ca\/wp-json\/wp\/v2\/types\/page"}],"author":[{"embeddable":true,"href":"https:\/\/www.darlexsoluciones.es\/ca\/wp-json\/wp\/v2\/users\/2"}],"replies":[{"embeddable":true,"href":"https:\/\/www.darlexsoluciones.es\/ca\/wp-json\/wp\/v2\/comments?post=948"}],"version-history":[{"count":13,"href":"https:\/\/www.darlexsoluciones.es\/ca\/wp-json\/wp\/v2\/pages\/948\/revisions"}],"predecessor-version":[{"id":2823,"href":"https:\/\/www.darlexsoluciones.es\/ca\/wp-json\/wp\/v2\/pages\/948\/revisions\/2823"}],"wp:attachment":[{"href":"https:\/\/www.darlexsoluciones.es\/ca\/wp-json\/wp\/v2\/media?parent=948"}],"curies":[{"name":"wp","href":"https:\/\/api.w.org\/{rel}","templated":true}]}}