{"id":608,"date":"2014-05-19T08:38:45","date_gmt":"2014-05-19T08:38:45","guid":{"rendered":"http:\/\/darlex.es\/?page_id=608"},"modified":"2018-03-05T12:02:11","modified_gmt":"2018-03-05T12:02:11","slug":"historia","status":"publish","type":"page","link":"https:\/\/www.darlexsoluciones.es\/ca\/hospitality\/historia\/","title":{"rendered":"Hist\u00f2ria"},"content":{"rendered":"<div id='full_slider_1'  class='avia-fullwidth-slider main_color avia-shadow   avia-builder-el-0  el_before_av_heading  avia-builder-el-first   container_wrap sidebar_right'  ><div   data-size='no scaling'  data-lightbox_size='large'  data-animation='slide'  data-conditional_play=''  data-ids='882'  data-video_counter='0'  data-autoplay='false'  data-bg_slider='false'  data-slide_height=''  data-handle='av_slideshow_full'  data-interval='5'  data-class=' '  data-el_id=''  data-css_id=''  data-scroll_down=''  data-control_layout='av-control-default'  data-custom_markup=''  data-perma_caption=''  data-autoplay_stopper=''  data-image_attachment=''  data-min_height='0px'  data-lazy_loading='disabled'  data-src=''  data-position='top left'  data-repeat='no-repeat'  data-attach='scroll'  data-stretch=''  data-img_scrset=''  class='avia-slideshow avia-slideshow-1  av-control-default av-default-height-applied avia-slideshow-no scaling av_slideshow_full   avia-slide-slider '  itemprop=\"image\" itemscope=\"itemscope\" itemtype=\"https:\/\/schema.org\/ImageObject\" ><ul class='avia-slideshow-inner ' style='padding-bottom: 26.666666666667%;' ><li  class=' av-single-slide slide-1 ' ><div data-rel='slideshow-1' class='avia-slide-wrap '   ><img class=\"wp-image-4073 avia-img-lazy-loading-not-4073\"  src=\"https:\/\/www.darlexsoluciones.es\/wp-content\/uploads\/darlex-slide-historia-ok21.jpg\" width=\"1500\" height=\"400\" title='darlex-slide-historia-ok2' alt=''  itemprop=\"thumbnailUrl\" srcset=\"https:\/\/www.darlexsoluciones.es\/wp-content\/uploads\/darlex-slide-historia-ok21.jpg 1500w, https:\/\/www.darlexsoluciones.es\/wp-content\/uploads\/darlex-slide-historia-ok21-300x80.jpg 300w, https:\/\/www.darlexsoluciones.es\/wp-content\/uploads\/darlex-slide-historia-ok21-1030x274.jpg 1030w, https:\/\/www.darlexsoluciones.es\/wp-content\/uploads\/darlex-slide-historia-ok21-705x188.jpg 705w, https:\/\/www.darlexsoluciones.es\/wp-content\/uploads\/darlex-slide-historia-ok21-450x120.jpg 450w\" sizes=\"(max-width: 1500px) 100vw, 1500px\" \/><\/div><\/li><\/ul><\/div><\/div><div id='after_full_slider_1'  class='main_color av_default_container_wrap container_wrap sidebar_right'  ><div class='container av-section-cont-open' ><div class='template-page content  av-content-small alpha units'><div class='post-entry post-entry-type-page post-entry-608'><div class='entry-content-wrapper clearfix'>\n\n<style type=\"text\/css\" data-created_by=\"avia_inline_auto\" id=\"style-css-av-av_heading-561c7e5571023086c33f672417f30624\">\n#top .av-special-heading.av-av_heading-561c7e5571023086c33f672417f30624{\npadding-bottom:10px;\nfont-size:30px;\n}\n<\/style>\n<div  class='av-special-heading av-av_heading-561c7e5571023086c33f672417f30624 av-special-heading-h3 blockquote modern-quote modern-centered  avia-builder-el-1  el_after_av_slideshow_full  el_before_av_hr  avia-builder-el-first  av-inherit-size '><h3 class='av-special-heading-tag '  itemprop=\"headline\"  >Experi\u00e8ncia, il\u00b7lusi\u00f3, determinaci\u00f3 i servei<\/h3><div class='special-heading-border'><div class='special-heading-inner-border'><\/div><\/div><\/div>\n<div  class='hr av-av_hr-c69e1af1bad63c3964cc522caf796498 hr-short  avia-builder-el-2  el_after_av_heading  el_before_av_one_half  hr-center '><span class='hr-inner '><span class=\"hr-inner-style\"><\/span><\/span><\/div>\n<div class='flex_column av-av_one_half-2a9015ff38129c418a3f2eafba3e9512 av_one_half  avia-builder-el-3  el_after_av_hr  el_before_av_one_half  first flex_column_div '   ><style type=\"text\/css\" data-created_by=\"avia_inline_auto\" id=\"style-css-av-av_image-e6cbe5d631f5becef3f4982961c17f4e\">\n.avia-image-container.av-av_image-e6cbe5d631f5becef3f4982961c17f4e .av-image-caption-overlay-center{\ncolor:#ffffff;\n}\n<\/style>\n<div  class='avia-image-container av-av_image-e6cbe5d631f5becef3f4982961c17f4e av-styling- avia-align-center  avia-builder-el-4  avia-builder-el-no-sibling  '  itemprop=\"image\" itemscope=\"itemscope\" itemtype=\"https:\/\/schema.org\/ImageObject\" ><div class=\"avia-image-container-inner\"><div class=\"avia-image-overlay-wrap\"><img width=\"500\" height=\"300\" class='wp-image-3347 avia-img-lazy-loading-not-3347 avia_image' src=\"http:\/\/darlex.es\/wp-content\/uploads\/DARLEX-historia-1.jpg\" alt='' title='DARLEX-historia-1'   itemprop=\"thumbnailUrl\" srcset=\"https:\/\/www.darlexsoluciones.es\/wp-content\/uploads\/DARLEX-historia-1.jpg 500w, https:\/\/www.darlexsoluciones.es\/wp-content\/uploads\/DARLEX-historia-1-300x180.jpg 300w, https:\/\/www.darlexsoluciones.es\/wp-content\/uploads\/DARLEX-historia-1-450x270.jpg 450w\" sizes=\"(max-width: 500px) 100vw, 500px\" \/><\/div><\/div><\/div><\/div>\n<div class='flex_column av-av_one_half-61f1f3fb8a14755dafdb04b8bcedc67a av_one_half  avia-builder-el-5  el_after_av_one_half  el_before_av_section  avia-builder-el-last  flex_column_div '   ><style type=\"text\/css\" data-created_by=\"avia_inline_auto\" id=\"style-css-av-av_hr-7148c96ad18338470e2200b4c17e1ba3\">\n#top .hr.hr-invisible.av-av_hr-7148c96ad18338470e2200b4c17e1ba3{\nheight:30px;\n}\n<\/style>\n<div  class='hr av-av_hr-7148c96ad18338470e2200b4c17e1ba3 hr-invisible  avia-builder-el-6  el_before_av_textblock  avia-builder-el-first  '><span class='hr-inner '><span class=\"hr-inner-style\"><\/span><\/span><\/div>\n<section class=\"av_textblock_section \"  itemscope=\"itemscope\" itemtype=\"https:\/\/schema.org\/CreativeWork\" ><div class='avia_textblock  '   itemprop=\"text\" ><h3>Determinaci\u00f3<\/h3>\n<h5>Servei orientat al client<\/h5>\n<p>DARLEX neix amb la ferma determinaci\u00f3 de servei cap al client. El nostre cam\u00ed comen\u00e7a fa 20 anys en diferents empreses del sector, on cada un dels components de l&#8217;empresa ha desenvolupat el seu treball.<\/p>\n<p>Les actuals circumst\u00e0ncies fan necessari la uni\u00f3 de diferents disciplines relacionades amb els serveis a l&#8217;hostaleria i la ind\u00fastria des d&#8217;una perspectiva radicalment tradicional i efectivament nova.<\/p>\n<\/div><\/section><\/div>\n<\/div><\/div><\/div><!-- close content main div --><\/div><\/div>\n<style type=\"text\/css\" data-created_by=\"avia_inline_auto\" id=\"style-css-av-av_section-c8f3ac16575e534204d68d76a8adbbcd\">\n.avia-section.av-av_section-c8f3ac16575e534204d68d76a8adbbcd{\nbackground-color:#e2e2e2;\n}\n<\/style>\n<div id='av_section_1'  class='avia-section av-av_section-c8f3ac16575e534204d68d76a8adbbcd main_color avia-section-default avia-no-shadow  avia-builder-el-8  el_after_av_one_half  el_before_av_one_half  avia-bg-style-scroll  container_wrap sidebar_right'  ><div class='container av-section-cont-open' ><div class='template-page content  av-content-small alpha units'><div class='post-entry post-entry-type-page post-entry-608'><div class='entry-content-wrapper clearfix'>\n<div class='flex_column av-av_one_half-2a9015ff38129c418a3f2eafba3e9512 av_one_half  avia-builder-el-9  el_before_av_one_half  avia-builder-el-first  first flex_column_div '   ><p>\n<style type=\"text\/css\" data-created_by=\"avia_inline_auto\" id=\"style-css-av-av_hr-7148c96ad18338470e2200b4c17e1ba3\">\n#top .hr.hr-invisible.av-av_hr-7148c96ad18338470e2200b4c17e1ba3{\nheight:30px;\n}\n<\/style>\n<div  class='hr av-av_hr-7148c96ad18338470e2200b4c17e1ba3 hr-invisible  avia-builder-el-10  el_before_av_textblock  avia-builder-el-first  '><span class='hr-inner '><span class=\"hr-inner-style\"><\/span><\/span><\/div><br \/>\n<section class=\"av_textblock_section \"  itemscope=\"itemscope\" itemtype=\"https:\/\/schema.org\/CreativeWork\" ><div class='avia_textblock  '   itemprop=\"text\" ><h3>Servei<\/h3>\n<h5>Professional i personalitzat<\/h5>\n<p>Aquest \u00e9s el nostre principal actiu. Les empreses actuals tenen necessitat de molts avantatges, principalment preu, per\u00f2 tamb\u00e9 qualitat, disseny, productes que compleixin normativa, varietat, etc ..<\/p>\n<p>Existeixen moltes empreses que es corresponen amb aquestes caracter\u00edstiques, fins i tot algunes les superen, per\u00f2 totes elles han deshumanitzat el tracte amb el client, convertint-lo en un simple nombre a l&#8217;ordinador.<\/p>\n<\/div><\/section><\/p><\/div><div class='flex_column av-av_one_half-61f1f3fb8a14755dafdb04b8bcedc67a av_one_half  avia-builder-el-12  el_after_av_one_half  avia-builder-el-last  flex_column_div '   ><style type=\"text\/css\" data-created_by=\"avia_inline_auto\" id=\"style-css-av-av_image-ad63b2046e369c16eb5c0621921a7322\">\n.avia-image-container.av-av_image-ad63b2046e369c16eb5c0621921a7322 .av-image-caption-overlay-center{\ncolor:#ffffff;\n}\n<\/style>\n<div  class='avia-image-container av-av_image-ad63b2046e369c16eb5c0621921a7322 av-styling- avia-align-center  avia-builder-el-13  avia-builder-el-no-sibling  '  itemprop=\"image\" itemscope=\"itemscope\" itemtype=\"https:\/\/schema.org\/ImageObject\" ><div class=\"avia-image-container-inner\"><div class=\"avia-image-overlay-wrap\"><img width=\"500\" height=\"300\" class='wp-image-3353 avia-img-lazy-loading-not-3353 avia_image' src=\"http:\/\/darlex.es\/wp-content\/uploads\/DARLEX-historia-2.jpg\" alt='' title='DARLEX-historia-2'   itemprop=\"thumbnailUrl\" srcset=\"https:\/\/www.darlexsoluciones.es\/wp-content\/uploads\/DARLEX-historia-2.jpg 500w, https:\/\/www.darlexsoluciones.es\/wp-content\/uploads\/DARLEX-historia-2-300x180.jpg 300w, https:\/\/www.darlexsoluciones.es\/wp-content\/uploads\/DARLEX-historia-2-450x270.jpg 450w\" sizes=\"(max-width: 500px) 100vw, 500px\" \/><\/div><\/div><\/div><\/div>\n<\/div><\/div><\/div><!-- close content main div --><\/div><\/div><div id='after_section_1'  class='main_color av_default_container_wrap container_wrap sidebar_right'  ><div class='container av-section-cont-open' ><div class='template-page content  av-content-small alpha units'><div class='post-entry post-entry-type-page post-entry-608'><div class='entry-content-wrapper clearfix'>\n<div class='flex_column av-av_one_half-2a9015ff38129c418a3f2eafba3e9512 av_one_half  avia-builder-el-14  el_after_av_section  el_before_av_one_half  avia-builder-el-first  first flex_column_div '   ><style type=\"text\/css\" data-created_by=\"avia_inline_auto\" id=\"style-css-av-av_image-46165ca9427f1fca85fbc64e0fbc2639\">\n.avia-image-container.av-av_image-46165ca9427f1fca85fbc64e0fbc2639 .av-image-caption-overlay-center{\ncolor:#ffffff;\n}\n<\/style>\n<div  class='avia-image-container av-av_image-46165ca9427f1fca85fbc64e0fbc2639 av-styling- avia-align-center  avia-builder-el-15  avia-builder-el-no-sibling  '  itemprop=\"image\" itemscope=\"itemscope\" itemtype=\"https:\/\/schema.org\/ImageObject\" ><div class=\"avia-image-container-inner\"><div class=\"avia-image-overlay-wrap\"><img width=\"500\" height=\"300\" class='wp-image-3350 avia-img-lazy-loading-not-3350 avia_image' src=\"http:\/\/darlex.es\/wp-content\/uploads\/DARLEX-historia-3.jpg\" alt='' title='DARLEX-historia-3'   itemprop=\"thumbnailUrl\" srcset=\"https:\/\/www.darlexsoluciones.es\/wp-content\/uploads\/DARLEX-historia-3.jpg 500w, https:\/\/www.darlexsoluciones.es\/wp-content\/uploads\/DARLEX-historia-3-300x180.jpg 300w, https:\/\/www.darlexsoluciones.es\/wp-content\/uploads\/DARLEX-historia-3-450x270.jpg 450w\" sizes=\"(max-width: 500px) 100vw, 500px\" \/><\/div><\/div><\/div><\/div>\n<div class='flex_column av-av_one_half-61f1f3fb8a14755dafdb04b8bcedc67a av_one_half  avia-builder-el-16  el_after_av_one_half  el_before_av_section  avia-builder-el-last  flex_column_div '   ><style type=\"text\/css\" data-created_by=\"avia_inline_auto\" id=\"style-css-av-av_hr-7148c96ad18338470e2200b4c17e1ba3\">\n#top .hr.hr-invisible.av-av_hr-7148c96ad18338470e2200b4c17e1ba3{\nheight:30px;\n}\n<\/style>\n<div  class='hr av-av_hr-7148c96ad18338470e2200b4c17e1ba3 hr-invisible  avia-builder-el-17  el_before_av_textblock  avia-builder-el-first  '><span class='hr-inner '><span class=\"hr-inner-style\"><\/span><\/span><\/div>\n<section class=\"av_textblock_section \"  itemscope=\"itemscope\" itemtype=\"https:\/\/schema.org\/CreativeWork\" ><div class='avia_textblock  '   itemprop=\"text\" ><h3>Client<\/h3>\n<h5>Oferim solucions a les seves necessitats<\/h5>\n<p>Per DARLEX nom\u00e9s existeix el client, el volem con\u00e8ixer, saber els seus problemes, dissenyar les seves solucions, pr\u00f2pies, definitives. Pensem que som capa\u00e7os de donar prestacions personalitzades a un preu just. Sabem que els nostres productes s\u00f3n importants en els seus projectes, per\u00f2 sabem tamb\u00e9 que els nostres clients se senten segurs amb nosaltres perqu\u00e8 \u00e9s evident que no podem evitar els errors per\u00f2 podem assegurar que complirem solucionant els problemes amb servei efica\u00e7 i honest.<\/p>\n<\/div><\/section><\/div>\n<\/div><\/div><\/div><!-- close content main div --><\/div><\/div>\n<style type=\"text\/css\" data-created_by=\"avia_inline_auto\" id=\"style-css-av-av_section-c8f3ac16575e534204d68d76a8adbbcd\">\n.avia-section.av-av_section-c8f3ac16575e534204d68d76a8adbbcd{\nbackground-color:#e2e2e2;\n}\n<\/style>\n<div id='av_section_2'  class='avia-section av-av_section-c8f3ac16575e534204d68d76a8adbbcd main_color avia-section-default avia-no-shadow  avia-builder-el-19  el_after_av_one_half  avia-builder-el-last  avia-bg-style-scroll  container_wrap sidebar_right'  ><div class='container av-section-cont-open' ><div class='template-page content  av-content-small alpha units'><div class='post-entry post-entry-type-page post-entry-608'><div class='entry-content-wrapper clearfix'>\n\n<style type=\"text\/css\" data-created_by=\"avia_inline_auto\" id=\"style-css-av-av_heading-46e4fbdd28f551267a38e5923c9ca30f\">\n#top .av-special-heading.av-av_heading-46e4fbdd28f551267a38e5923c9ca30f{\npadding-bottom:15px;\nfont-size:30px;\n}\n.av-special-heading.av-av_heading-46e4fbdd28f551267a38e5923c9ca30f .av-subheading{\nfont-size:17px;\n}\n<\/style>\n<div  class='av-special-heading av-av_heading-46e4fbdd28f551267a38e5923c9ca30f av-special-heading-h4 blockquote modern-quote modern-centered  avia-builder-el-20  el_before_av_button  avia-builder-el-first  av-inherit-size '><h4 class='av-special-heading-tag '  itemprop=\"headline\"  >Poseu-nos a prova<\/h4><div class='av-subheading av-subheading_below '><p>Farem tot el que estigui a les nostres mans perqu\u00e8 confi\u00ef en nosaltres molts anys<\/p>\n<\/div><div class='special-heading-border'><div class='special-heading-inner-border'><\/div><\/div><\/div>\n<div  class='avia-button-wrap avia-button-center  avia-builder-el-21  el_after_av_heading  avia-builder-el-last ' ><a href='https:\/\/www.darlexsoluciones.es\/ca\/hospitality\/contactar-2\/'  class='avia-button av-av_button-b4831bb8947d315a8f5ec77068c681cb avia-icon_select-yes-left-icon avia-size-large avia-position-center avia-color-theme-color ' ><span class='avia_button_icon avia_button_icon_left' aria-hidden='true' data-av_icon='\ue83b' data-av_iconfont='entypo-fontello'><\/span><span class='avia_iconbox_title' >Contacti\u2019ns<\/span><\/a><\/div>\n<\/div><\/div><\/div><!-- close content main div --><\/div><\/div><div id='after_section_2'  class='main_color av_default_container_wrap container_wrap sidebar_right'  ><div class='container av-section-cont-open' ><div class='template-page content  av-content-small alpha units'><div class='post-entry post-entry-type-page post-entry-608'><div class='entry-content-wrapper clearfix'>\n","protected":false},"excerpt":{"rendered":"","protected":false},"author":4,"featured_media":0,"parent":948,"menu_order":0,"comment_status":"open","ping_status":"closed","template":"","meta":[],"_links":{"self":[{"href":"https:\/\/www.darlexsoluciones.es\/ca\/wp-json\/wp\/v2\/pages\/608"}],"collection":[{"href":"https:\/\/www.darlexsoluciones.es\/ca\/wp-json\/wp\/v2\/pages"}],"about":[{"href":"https:\/\/www.darlexsoluciones.es\/ca\/wp-json\/wp\/v2\/types\/page"}],"author":[{"embeddable":true,"href":"https:\/\/www.darlexsoluciones.es\/ca\/wp-json\/wp\/v2\/users\/4"}],"replies":[{"embeddable":true,"href":"https:\/\/www.darlexsoluciones.es\/ca\/wp-json\/wp\/v2\/comments?post=608"}],"version-history":[{"count":5,"href":"https:\/\/www.darlexsoluciones.es\/ca\/wp-json\/wp\/v2\/pages\/608\/revisions"}],"predecessor-version":[{"id":1137,"href":"https:\/\/www.darlexsoluciones.es\/ca\/wp-json\/wp\/v2\/pages\/608\/revisions\/1137"}],"up":[{"embeddable":true,"href":"https:\/\/www.darlexsoluciones.es\/ca\/wp-json\/wp\/v2\/pages\/948"}],"wp:attachment":[{"href":"https:\/\/www.darlexsoluciones.es\/ca\/wp-json\/wp\/v2\/media?parent=608"}],"curies":[{"name":"wp","href":"https:\/\/api.w.org\/{rel}","templated":true}]}}