{"id":5063,"date":"2021-11-10T10:27:35","date_gmt":"2021-11-10T10:27:35","guid":{"rendered":"https:\/\/www.darlexsoluciones.es\/?page_id=5063"},"modified":"2021-11-10T10:47:56","modified_gmt":"2021-11-10T10:47:56","slug":"bellabot","status":"publish","type":"page","link":"https:\/\/www.darlexsoluciones.es\/ca\/robotix\/bellabot\/","title":{"rendered":"Bellabot"},"content":{"rendered":"<div id='full_slider_1'  class='avia-fullwidth-slider main_color avia-shadow   avia-builder-el-0  el_before_av_section  avia-builder-el-first   container_wrap sidebar_right'  ><div   data-size='no scaling'  data-lightbox_size='large'  data-animation='slide'  data-conditional_play=''  data-ids='5073'  data-video_counter='0'  data-autoplay='false'  data-bg_slider='false'  data-slide_height=''  data-handle='av_slideshow_full'  data-interval='5'  data-class=' '  data-el_id=''  data-css_id=''  data-scroll_down=''  data-control_layout='av-control-default'  data-custom_markup=''  data-perma_caption=''  data-autoplay_stopper=''  data-image_attachment=''  data-min_height='0px'  data-lazy_loading='disabled'  data-src=''  data-position='top left'  data-repeat='no-repeat'  data-attach='scroll'  data-stretch=''  data-img_scrset=''  class='avia-slideshow avia-slideshow-1  av-control-default av-default-height-applied avia-slideshow-no scaling av_slideshow_full   avia-slide-slider '  itemprop=\"image\" itemscope=\"itemscope\" itemtype=\"https:\/\/schema.org\/ImageObject\" ><ul class='avia-slideshow-inner ' style='padding-bottom: 56.266666666667%;' ><li  class=' av-single-slide slide-1 ' ><div data-rel='slideshow-1' class='avia-slide-wrap '   ><img class=\"wp-image-5074 avia-img-lazy-loading-not-5074\"  src=\"https:\/\/www.darlexsoluciones.es\/wp-content\/uploads\/bellabot-fullslider.jpg\" width=\"1500\" height=\"844\" title='bellabot-fullslider' alt=''  itemprop=\"thumbnailUrl\" srcset=\"https:\/\/www.darlexsoluciones.es\/wp-content\/uploads\/bellabot-fullslider.jpg 1500w, https:\/\/www.darlexsoluciones.es\/wp-content\/uploads\/bellabot-fullslider-300x169.jpg 300w, https:\/\/www.darlexsoluciones.es\/wp-content\/uploads\/bellabot-fullslider-1030x580.jpg 1030w, https:\/\/www.darlexsoluciones.es\/wp-content\/uploads\/bellabot-fullslider-768x432.jpg 768w, https:\/\/www.darlexsoluciones.es\/wp-content\/uploads\/bellabot-fullslider-705x397.jpg 705w\" sizes=\"(max-width: 1500px) 100vw, 1500px\" \/><\/div><\/li><\/ul><\/div><\/div>\n<div id='av_section_1'  class='avia-section av-5p0m2x-caf3c8f76e93faa9602ec40539de366d main_color avia-section-default avia-no-border-styling  avia-builder-el-1  el_after_av_slideshow_full  el_before_av_section  avia-bg-style-scroll  container_wrap sidebar_right'  ><div class='container av-section-cont-open' ><div class='template-page content  av-content-small alpha units'><div class='post-entry post-entry-type-page post-entry-5063'><div class='entry-content-wrapper clearfix'>\n<div class='flex_column_table av-5m5gch-843150ae85295114615c39db2005dad2 sc-av_two_third av-equal-height-column-flextable'>\n<style type=\"text\/css\" data-created_by=\"avia_inline_auto\" id=\"style-css-av-5m5gch-843150ae85295114615c39db2005dad2\">\n.flex_column.av-5m5gch-843150ae85295114615c39db2005dad2{\nborder-radius:0px 0px 0px 0px;\n-webkit-border-radius:0px 0px 0px 0px;\n-moz-border-radius:0px 0px 0px 0px;\n}\n<\/style>\n<div class='flex_column av-5m5gch-843150ae85295114615c39db2005dad2 av_two_third  avia-builder-el-2  el_before_av_one_third  avia-builder-el-first  first flex_column_table_cell av-equal-height-column av-align-top av-zero-column-padding '   ><div  class='avia-video avia-video-16-9   av-lazyload-immediate  av-lazyload-video-embed  '   itemprop=\"video\" itemtype=\"https:\/\/schema.org\/VideoObject\"  data-original_url='https:\/\/youtu.be\/IPpyy75LiVs' ><script type='text\/html' class='av-video-tmpl'><div class='avia-iframe-wrap'><iframe title=\"BELLA BOT | Robot de reparto inteligente | Robot camarero | VisionPubli\" width=\"1500\" height=\"844\" src=\"https:\/\/www.youtube.com\/embed\/IPpyy75LiVs?feature=oembed&autoplay=0&loop=0&controls=1&mute=0\" frameborder=\"0\" allow=\"accelerometer; autoplay; clipboard-write; encrypted-media; gyroscope; picture-in-picture\" allowfullscreen><\/iframe><\/div><\/script><div class='av-click-to-play-overlay'><div class=\"avia_playpause_icon\"><\/div><\/div><\/div><\/div><div class='av-flex-placeholder'><\/div>\n<style type=\"text\/css\" data-created_by=\"avia_inline_auto\" id=\"style-css-av-4m6klt-a3891ec79c0b10a22709dbd0fca4920b\">\n.flex_column.av-4m6klt-a3891ec79c0b10a22709dbd0fca4920b{\nborder-radius:0px 0px 0px 0px;\n-webkit-border-radius:0px 0px 0px 0px;\n-moz-border-radius:0px 0px 0px 0px;\n}\n<\/style>\n<div class='flex_column av-4m6klt-a3891ec79c0b10a22709dbd0fca4920b av_one_third  avia-builder-el-4  el_after_av_two_third  avia-builder-el-last  flex_column_table_cell av-equal-height-column av-align-top av-zero-column-padding '   ><p>\n<style type=\"text\/css\" data-created_by=\"avia_inline_auto\" id=\"style-css-av-4cb5up-8d40b82e3ab5420ede4ad1edcc5d8309\">\n#top .av-special-heading.av-4cb5up-8d40b82e3ab5420ede4ad1edcc5d8309{\npadding-bottom:20px;\nfont-size:25px;\n}\n<\/style>\n<div  class='av-special-heading av-4cb5up-8d40b82e3ab5420ede4ad1edcc5d8309 av-special-heading-h3 blockquote modern-quote  avia-builder-el-5  el_before_av_textblock  avia-builder-el-first  av-inherit-size '><h3 class='av-special-heading-tag '  itemprop=\"headline\"  >BellaBot<\/h3><div class='special-heading-border'><div class='special-heading-inner-border'><\/div><\/div><\/div><br \/>\n<section class=\"av_textblock_section \"  itemscope=\"itemscope\" itemtype=\"https:\/\/schema.org\/CreativeWork\" ><div class='avia_textblock  '   itemprop=\"text\" ><h3>Robot de repartiment innovador<\/h3>\n<p>BellaBot, el robot de repartiment m\u00e9s recent dissenyat per Pudu, hereta les impressionants caracter\u00edstiques de la generaci\u00f3 anterior i t\u00e9 capacitats superiors d&#8217;interacci\u00f3 entre humans i robots. Gr\u00e0cies al seu llenguatge de disseny bi\u00f2nic innovador, atractiu disseny, funcions de veu mitjan\u00e7ant IA, interacci\u00f3 multimodal i moltes altres funcions noves, BellaBot ofereix als usuaris una experi\u00e8ncia de robot de repartiment d&#8217;aliments sense precedents.<\/p>\n<\/div><\/section><br \/>\n<div  class='avia-button-wrap avia-button-left  avia-builder-el-7  el_after_av_textblock  avia-builder-el-last ' >\n<style type=\"text\/css\" data-created_by=\"avia_inline_auto\" id=\"style-css-av-kvm8b5hk-d3e1d31c3ab5a27cbb664a63f96918d7\">\n#top #wrap_all .avia-button.av-kvm8b5hk-d3e1d31c3ab5a27cbb664a63f96918d7{\nbackground-color:#37b1bf;\nborder-color:#37b1bf;\ntransition:all 0.4s ease-in-out;\n-webkit-transition:all 0.4s ease-in-out;\n-moz-transition:all 0.4s ease-in-out;\n-ms-transition:all 0.4s ease-in-out;\n-o-transition:all 0.4s ease-in-out;\n}\n#top #wrap_all .avia-button.av-kvm8b5hk-d3e1d31c3ab5a27cbb664a63f96918d7:hover{\ncolor:white;\ntransition:all 0.4s ease-in-out;\n-webkit-transition:all 0.4s ease-in-out;\n-moz-transition:all 0.4s ease-in-out;\n-ms-transition:all 0.4s ease-in-out;\n-o-transition:all 0.4s ease-in-out;\n}\n<\/style>\n<a href='https:\/\/www.darlexsoluciones.es\/wp-content\/uploads\/BELLABOT_DARLEX.pdf' class='avia-button av-kvm8b5hk-d3e1d31c3ab5a27cbb664a63f96918d7 avia-icon_select-yes-left-icon avia-size-medium avia-position-left avia-font-color-theme-color ' target=\"_blank\" rel=\"noopener noreferrer\"><span class='avia_button_icon avia_button_icon_left' aria-hidden='true' data-av_icon='\ue82d' data-av_iconfont='entypo-fontello'><\/span><span class='avia_iconbox_title' >Descarregar PDF<\/span><span class='avia_button_background avia-button avia-color-theme-color-highlight' ><\/span><\/a><\/div><\/p><\/div><\/div><!--close column table wrapper. Autoclose: 1 -->\n\n<\/div><\/div><\/div><!-- close content main div --><\/div><\/div>\n<style type=\"text\/css\" data-created_by=\"avia_inline_auto\" id=\"style-css-av-3kqypt-6e22c615c5447c8c60fa006e7637d008\">\n.avia-section.av-3kqypt-6e22c615c5447c8c60fa006e7637d008{\nbackground-color:#ededed;\n}\n<\/style>\n<div id='av_section_2'  class='avia-section av-3kqypt-6e22c615c5447c8c60fa006e7637d008 main_color avia-section-default avia-no-border-styling  avia-builder-el-8  el_after_av_section  avia-builder-el-last  avia-bg-style-scroll  container_wrap sidebar_right'  ><div class='container av-section-cont-open' ><div class='template-page content  av-content-small alpha units'><div class='post-entry post-entry-type-page post-entry-5063'><div class='entry-content-wrapper clearfix'>\n\n<style type=\"text\/css\" data-created_by=\"avia_inline_auto\" id=\"style-css-av-1olyuh-24c95a1071c808d4bd5054f03f652cac\">\n#top .hr.hr-invisible.av-1olyuh-24c95a1071c808d4bd5054f03f652cac{\nheight:50px;\n}\n<\/style>\n<div  class='hr av-1olyuh-24c95a1071c808d4bd5054f03f652cac hr-invisible  avia-builder-el-9  el_before_av_image_hotspot  avia-builder-el-no-sibling  '><span class='hr-inner '><span class=\"hr-inner-style\"><\/span><\/span><\/div>\n\n<style type=\"text\/css\" data-created_by=\"avia_inline_auto\" id=\"style-css-sub-av-kvm6mfi2-cee1fe01b72a78a7de09dd63bcd872bc\">\n.av-hotspot-image-container .av-image-hotspot.av-kvm6lpbv-03c6edd45218eeb2ae87f3a3a5474376{\ntop:28.4%;\nleft:42.6%;\n}\n.av-hotspot-image-container .av-image-hotspot.av-kvm6lpbv-03c6edd45218eeb2ae87f3a3a5474376 .av-image-hotspot_inner{\nbackground-color:#37b1bf;\ncolor:#ffffff;\n}\n.av-hotspot-image-container .av-image-hotspot.av-kvm6lpbv-03c6edd45218eeb2ae87f3a3a5474376 .av-image-hotspot-pulse{\nbackground-color:#37b1bf;\n}\n.av-hotspot-image-container .av-image-hotspot.av-kvm6mf01-57e24b70dc2dcb25b34bb28a960fee15{\ntop:50.9%;\nleft:43.1%;\n}\n.av-hotspot-image-container .av-image-hotspot.av-kvm6mf01-57e24b70dc2dcb25b34bb28a960fee15 .av-image-hotspot_inner{\nbackground-color:#37b1bf;\ncolor:#ffffff;\n}\n.av-hotspot-image-container .av-image-hotspot.av-kvm6mf01-57e24b70dc2dcb25b34bb28a960fee15 .av-image-hotspot-pulse{\nbackground-color:#37b1bf;\n}\n.av-hotspot-image-container .av-image-hotspot.av-kvm6p7ot-ce81c0b5c050b8aedef37fabe4a992f9{\ntop:84.7%;\nleft:46.1%;\n}\n.av-hotspot-image-container .av-image-hotspot.av-kvm6p7ot-ce81c0b5c050b8aedef37fabe4a992f9 .av-image-hotspot_inner{\nbackground-color:#37b1bf;\ncolor:#ffffff;\n}\n.av-hotspot-image-container .av-image-hotspot.av-kvm6p7ot-ce81c0b5c050b8aedef37fabe4a992f9 .av-image-hotspot-pulse{\nbackground-color:#37b1bf;\n}\n.av-hotspot-image-container .av-image-hotspot.av-kvm6prub-297d65e5defa520dd2a0604ff908bc6d{\ntop:7.8%;\nleft:51.1%;\n}\n.av-hotspot-image-container .av-image-hotspot.av-kvm6prub-297d65e5defa520dd2a0604ff908bc6d .av-image-hotspot_inner{\nbackground-color:#37b1bf;\ncolor:#ffffff;\n}\n.av-hotspot-image-container .av-image-hotspot.av-kvm6prub-297d65e5defa520dd2a0604ff908bc6d .av-image-hotspot-pulse{\nbackground-color:#37b1bf;\n}\n.av-hotspot-image-container .av-image-hotspot.av-kvm6qe8a-98302134b9af864552c8d7351e1035f7{\ntop:31.3%;\nleft:60.7%;\n}\n.av-hotspot-image-container .av-image-hotspot.av-kvm6qe8a-98302134b9af864552c8d7351e1035f7 .av-image-hotspot_inner{\nbackground-color:#37b1bf;\ncolor:#ffffff;\n}\n.av-hotspot-image-container .av-image-hotspot.av-kvm6qe8a-98302134b9af864552c8d7351e1035f7 .av-image-hotspot-pulse{\nbackground-color:#37b1bf;\n}\n.av-hotspot-image-container .av-image-hotspot.av-kvm6qe8a-360179d6a9f9519948dac324e760ac5c{\ntop:86.6%;\nleft:59.6%;\n}\n.av-hotspot-image-container .av-image-hotspot.av-kvm6qe8a-360179d6a9f9519948dac324e760ac5c .av-image-hotspot_inner{\nbackground-color:#37b1bf;\ncolor:#ffffff;\n}\n.av-hotspot-image-container .av-image-hotspot.av-kvm6qe8a-360179d6a9f9519948dac324e760ac5c .av-image-hotspot-pulse{\nbackground-color:#37b1bf;\n}\n<\/style>\n<div  class='av-hotspot-image-container av-kvm6mfi2-cee1fe01b72a78a7de09dd63bcd872bc  avia-builder-el-10  el_after_av_hr  avia-builder-el-last  av-hotspot-numbered av-permanent-tooltip av-mobile-fallback-active   av-non-fullwidth-hotspot-image'  itemprop=\"image\" itemscope=\"itemscope\" itemtype=\"https:\/\/schema.org\/ImageObject\" ><div class='av-hotspot-container'><div class='av-hotspot-container-inner-cell'><div class='av-hotspot-container-inner-wrap'><div class='av-image-hotspot av-kvm6lpbv-03c6edd45218eeb2ae87f3a3a5474376 av-image-hotspot-1 av-permanent-tooltip' data-avia-tooltip-position='left' data-avia-tooltip-alignment='centered' data-avia-tooltip-class='av-tt-xlarge-width av-tt-pos-left av-tt-align-centered  av-mobile-fallback-active  av-permanent-tooltip-single  main_color av-tooltip-shadow av-tt-hotspot' data-avia-tooltip='&lt;h4&gt;Sensor 3D per evitar obstacles&lt;\/h4&gt;\n&lt;h5&gt;Es compon de la c\u00e0mera RGB-D al coll de BellaBot i dos jocs de c\u00e0meres al seu xass\u00eds, el que proporciona a BellaBot una percepci\u00f3 dimensional completa.&lt;\/h5&gt;\n'><div class='av-image-hotspot_inner'>1<\/div><div class='av-image-hotspot-pulse'><\/div><\/div><div class='av-image-hotspot av-kvm6mf01-57e24b70dc2dcb25b34bb28a960fee15 av-image-hotspot-2 av-permanent-tooltip' data-avia-tooltip-position='left' data-avia-tooltip-alignment='centered' data-avia-tooltip-class='av-tt-xlarge-width av-tt-pos-left av-tt-align-centered  av-mobile-fallback-active  av-permanent-tooltip-single  main_color av-tooltip-shadow av-tt-hotspot' data-avia-tooltip='&lt;h4&gt;Pl\u00e0stic industrial ABS\/Aleaci\u00f3 d&#8217;alumini per a aviaci\u00f3&lt;\/h4&gt;\n&lt;h5&gt;Estructuralment estable; resistent a l&#8217;oxidaci\u00f3 i la corrosi\u00f3.&lt;\/h5&gt;\n'><div class='av-image-hotspot_inner'>2<\/div><div class='av-image-hotspot-pulse'><\/div><\/div><div class='av-image-hotspot av-kvm6p7ot-ce81c0b5c050b8aedef37fabe4a992f9 av-image-hotspot-3 av-permanent-tooltip' data-avia-tooltip-position='left' data-avia-tooltip-alignment='centered' data-avia-tooltip-class='av-tt-xlarge-width av-tt-pos-left av-tt-align-centered  av-mobile-fallback-active  av-permanent-tooltip-single  main_color av-tooltip-shadow av-tt-hotspot' data-avia-tooltip='&lt;h4&gt;Nova tecnologia LIDAR&lt;\/h4&gt;\n&lt;h5&gt;LIDAR personalitzat amb detecci\u00f3 m\u00e9s precisa.&lt;\/h5&gt;\n'><div class='av-image-hotspot_inner'>3<\/div><div class='av-image-hotspot-pulse'><\/div><\/div><div class='av-image-hotspot av-kvm6prub-297d65e5defa520dd2a0604ff908bc6d av-image-hotspot-4 av-permanent-tooltip' data-avia-tooltip-position='right' data-avia-tooltip-alignment='centered' data-avia-tooltip-class='av-tt-xlarge-width av-tt-pos-right av-tt-align-centered  av-mobile-fallback-active  av-permanent-tooltip-single  main_color av-tooltip-shadow av-tt-hotspot' data-avia-tooltip='&lt;h4&gt;Posicionament visual de c\u00e0mera&lt;\/h4&gt;\n&lt;h5&gt;La c\u00e0mera d&#8217;infrarojos a la part superior de BellaBot proporciona posicionament en temps real per crear una soluci\u00f3 de posicionament visual complet.&lt;\/h5&gt;\n'><div class='av-image-hotspot_inner'>4<\/div><div class='av-image-hotspot-pulse'><\/div><\/div><div class='av-image-hotspot av-kvm6qe8a-98302134b9af864552c8d7351e1035f7 av-image-hotspot-5 av-permanent-tooltip' data-avia-tooltip-position='right' data-avia-tooltip-alignment='centered' data-avia-tooltip-class='av-tt-xlarge-width av-tt-pos-right av-tt-align-centered  av-mobile-fallback-active  av-permanent-tooltip-single  main_color av-tooltip-shadow av-tt-hotspot' data-avia-tooltip='&lt;h4&gt;Safata d&#8217;inducci\u00f3 d&#8217;infrarojos&lt;\/h4&gt;\n&lt;h5&gt;Nova safata d&#8217;inducci\u00f3 original que percep de manera intel\u00b7ligent la c\u00e0rrega i garanteix una efici\u00e8ncia de distribuci\u00f3 m\u00e9s gran.&lt;\/h5&gt;\n'><div class='av-image-hotspot_inner'>5<\/div><div class='av-image-hotspot-pulse'><\/div><\/div><div class='av-image-hotspot av-kvm6qe8a-360179d6a9f9519948dac324e760ac5c av-image-hotspot-6 av-permanent-tooltip' data-avia-tooltip-position='right' data-avia-tooltip-alignment='centered' data-avia-tooltip-class='av-tt-xlarge-width av-tt-pos-right av-tt-align-centered  av-mobile-fallback-active  av-permanent-tooltip-single  main_color av-tooltip-shadow av-tt-hotspot' data-avia-tooltip='&lt;h4&gt;Nova suspensi\u00f3 independent&lt;\/h4&gt;\n&lt;h5&gt;Sistema de suspensi\u00f3 amb acoblament independent autoanivellant molt efica\u00e7 per evitar cops.&lt;\/h5&gt;\n'><div class='av-image-hotspot_inner'>6<\/div><div class='av-image-hotspot-pulse'><\/div><\/div><img class='wp-image-5093 avia-img-lazy-loading-not-5093 avia_image' src=\"https:\/\/www.darlexsoluciones.es\/wp-content\/uploads\/bellabot-transparent.png\" alt='' title='bellabot-transparent'  height=\"600\" width=\"1000\"  itemprop=\"thumbnailUrl\" srcset=\"https:\/\/www.darlexsoluciones.es\/wp-content\/uploads\/bellabot-transparent.png 1000w, https:\/\/www.darlexsoluciones.es\/wp-content\/uploads\/bellabot-transparent-300x180.png 300w, https:\/\/www.darlexsoluciones.es\/wp-content\/uploads\/bellabot-transparent-768x461.png 768w, https:\/\/www.darlexsoluciones.es\/wp-content\/uploads\/bellabot-transparent-705x423.png 705w\" sizes=\"(max-width: 1000px) 100vw, 1000px\" \/><\/div><\/div><\/div><div class='av-hotspot-fallback-tooltip av-image-hotspot-1 av-permanent-tooltip'><div class=\"av-hotspot-fallback-tooltip-count\">1<div class=\"avia-arrow\"><\/div><\/div><div class=\"av-hotspot-fallback-tooltip-inner clearfix\"><h4>Sensor 3D per evitar obstacles<\/h4>\n<h5>Es compon de la c\u00e0mera RGB-D al coll de BellaBot i dos jocs de c\u00e0meres al seu xass\u00eds, el que proporciona a BellaBot una percepci\u00f3 dimensional completa.<\/h5>\n<\/div><\/div><div class='av-hotspot-fallback-tooltip av-image-hotspot-2 av-permanent-tooltip'><div class=\"av-hotspot-fallback-tooltip-count\">2<div class=\"avia-arrow\"><\/div><\/div><div class=\"av-hotspot-fallback-tooltip-inner clearfix\"><h4>Pl\u00e0stic industrial ABS\/Aleaci\u00f3 d&#8217;alumini per a aviaci\u00f3<\/h4>\n<h5>Estructuralment estable; resistent a l&#8217;oxidaci\u00f3 i la corrosi\u00f3.<\/h5>\n<\/div><\/div><div class='av-hotspot-fallback-tooltip av-image-hotspot-3 av-permanent-tooltip'><div class=\"av-hotspot-fallback-tooltip-count\">3<div class=\"avia-arrow\"><\/div><\/div><div class=\"av-hotspot-fallback-tooltip-inner clearfix\"><h4>Nova tecnologia LIDAR<\/h4>\n<h5>LIDAR personalitzat amb detecci\u00f3 m\u00e9s precisa.<\/h5>\n<\/div><\/div><div class='av-hotspot-fallback-tooltip av-image-hotspot-4 av-permanent-tooltip'><div class=\"av-hotspot-fallback-tooltip-count\">4<div class=\"avia-arrow\"><\/div><\/div><div class=\"av-hotspot-fallback-tooltip-inner clearfix\"><h4>Posicionament visual de c\u00e0mera<\/h4>\n<h5>La c\u00e0mera d&#8217;infrarojos a la part superior de BellaBot proporciona posicionament en temps real per crear una soluci\u00f3 de posicionament visual complet.<\/h5>\n<\/div><\/div><div class='av-hotspot-fallback-tooltip av-image-hotspot-5 av-permanent-tooltip'><div class=\"av-hotspot-fallback-tooltip-count\">5<div class=\"avia-arrow\"><\/div><\/div><div class=\"av-hotspot-fallback-tooltip-inner clearfix\"><h4>Safata d&#8217;inducci\u00f3 d&#8217;infrarojos<\/h4>\n<h5>Nova safata d&#8217;inducci\u00f3 original que percep de manera intel\u00b7ligent la c\u00e0rrega i garanteix una efici\u00e8ncia de distribuci\u00f3 m\u00e9s gran.<\/h5>\n<\/div><\/div><div class='av-hotspot-fallback-tooltip av-image-hotspot-6 av-permanent-tooltip'><div class=\"av-hotspot-fallback-tooltip-count\">6<div class=\"avia-arrow\"><\/div><\/div><div class=\"av-hotspot-fallback-tooltip-inner clearfix\"><h4>Nova suspensi\u00f3 independent<\/h4>\n<h5>Sistema de suspensi\u00f3 amb acoblament independent autoanivellant molt efica\u00e7 per evitar cops.<\/h5>\n<\/div><\/div><\/div>\n<\/div><\/div><\/div><!-- close content main div --><\/div><\/div><div id='after_section_2'  class='main_color av_default_container_wrap container_wrap sidebar_right'  ><div class='container av-section-cont-open' ><div class='template-page content  av-content-small alpha units'><div class='post-entry post-entry-type-page post-entry-5063'><div class='entry-content-wrapper clearfix'>\n","protected":false},"excerpt":{"rendered":"","protected":false},"author":4,"featured_media":0,"parent":1082,"menu_order":0,"comment_status":"closed","ping_status":"closed","template":"","meta":[],"_links":{"self":[{"href":"https:\/\/www.darlexsoluciones.es\/ca\/wp-json\/wp\/v2\/pages\/5063"}],"collection":[{"href":"https:\/\/www.darlexsoluciones.es\/ca\/wp-json\/wp\/v2\/pages"}],"about":[{"href":"https:\/\/www.darlexsoluciones.es\/ca\/wp-json\/wp\/v2\/types\/page"}],"author":[{"embeddable":true,"href":"https:\/\/www.darlexsoluciones.es\/ca\/wp-json\/wp\/v2\/users\/4"}],"replies":[{"embeddable":true,"href":"https:\/\/www.darlexsoluciones.es\/ca\/wp-json\/wp\/v2\/comments?post=5063"}],"version-history":[{"count":6,"href":"https:\/\/www.darlexsoluciones.es\/ca\/wp-json\/wp\/v2\/pages\/5063\/revisions"}],"predecessor-version":[{"id":5235,"href":"https:\/\/www.darlexsoluciones.es\/ca\/wp-json\/wp\/v2\/pages\/5063\/revisions\/5235"}],"up":[{"embeddable":true,"href":"https:\/\/www.darlexsoluciones.es\/ca\/wp-json\/wp\/v2\/pages\/1082"}],"wp:attachment":[{"href":"https:\/\/www.darlexsoluciones.es\/ca\/wp-json\/wp\/v2\/media?parent=5063"}],"curies":[{"name":"wp","href":"https:\/\/api.w.org\/{rel}","templated":true}]}}