{"id":2768,"date":"2019-11-07T11:09:54","date_gmt":"2019-11-07T11:09:54","guid":{"rendered":"http:\/\/darlex.es\/?page_id=2768"},"modified":"2019-11-07T11:09:54","modified_gmt":"2019-11-07T11:09:54","slug":"olles-pressio","status":"publish","type":"page","link":"https:\/\/www.darlexsoluciones.es\/ca\/pharma-2\/productes\/olles-pressio\/","title":{"rendered":"Olles pressi\u00f3"},"content":{"rendered":"<div id='full_slider_1'  class='avia-fullwidth-slider main_color avia-shadow   avia-builder-el-0  el_before_av_section  avia-builder-el-first   container_wrap sidebar_right'  ><div   data-size='no scaling'  data-lightbox_size='large'  data-animation='slide'  data-conditional_play=''  data-ids='1920'  data-video_counter='0'  data-autoplay='false'  data-bg_slider='false'  data-slide_height=''  data-handle='av_slideshow_full'  data-interval='5'  data-class=' '  data-el_id=''  data-css_id=''  data-scroll_down=''  data-control_layout='av-control-default'  data-custom_markup=''  data-perma_caption=''  data-autoplay_stopper=''  data-image_attachment=''  data-min_height='0px'  data-lazy_loading='disabled'  data-src=''  data-position='top left'  data-repeat='no-repeat'  data-attach='scroll'  data-stretch=''  data-img_scrset=''  class='avia-slideshow avia-slideshow-1  av-control-default av-default-height-applied avia-slideshow-no scaling av_slideshow_full   avia-slide-slider '  itemprop=\"image\" itemscope=\"itemscope\" itemtype=\"https:\/\/schema.org\/ImageObject\" ><ul class='avia-slideshow-inner ' style='padding-bottom: 12.426470588235%;' ><li  class=' av-single-slide slide-1 ' ><div data-rel='slideshow-1' class='avia-slide-wrap '   ><img class=\"wp-image-4415 avia-img-lazy-loading-not-4415\"  src=\"https:\/\/www.darlexsoluciones.es\/wp-content\/uploads\/Ducha-de-aire-imatge-gran.jpg\" width=\"1360\" height=\"169\" title='Ducha-de-aire-imatge-gran' alt=''  itemprop=\"thumbnailUrl\" srcset=\"https:\/\/www.darlexsoluciones.es\/wp-content\/uploads\/Ducha-de-aire-imatge-gran.jpg 1360w, https:\/\/www.darlexsoluciones.es\/wp-content\/uploads\/Ducha-de-aire-imatge-gran-300x37.jpg 300w, https:\/\/www.darlexsoluciones.es\/wp-content\/uploads\/Ducha-de-aire-imatge-gran-768x95.jpg 768w, https:\/\/www.darlexsoluciones.es\/wp-content\/uploads\/Ducha-de-aire-imatge-gran-1030x128.jpg 1030w, https:\/\/www.darlexsoluciones.es\/wp-content\/uploads\/Ducha-de-aire-imatge-gran-705x88.jpg 705w, https:\/\/www.darlexsoluciones.es\/wp-content\/uploads\/Ducha-de-aire-imatge-gran-450x56.jpg 450w\" sizes=\"(max-width: 1360px) 100vw, 1360px\" \/><\/div><\/li><\/ul><\/div><\/div>\n\n<style type=\"text\/css\" data-created_by=\"avia_inline_auto\" id=\"style-css-av-av_section-6293c96347bc0891c0feafc1369148b8\">\n.avia-section.av-av_section-6293c96347bc0891c0feafc1369148b8{\nbackground-color:#229f6f;\n}\n<\/style>\n<div id='av_section_1'  class='avia-section av-av_section-6293c96347bc0891c0feafc1369148b8 main_color avia-section-default avia-no-border-styling  avia-builder-el-1  el_after_av_slideshow_full  el_before_av_section  avia-bg-style-scroll  av-minimum-height av-minimum-height-25  container_wrap sidebar_right'   data-av_minimum_height_pc='25'><div class='container av-section-cont-open' ><div class='template-page content  av-content-small alpha units'><div class='post-entry post-entry-type-page post-entry-2768'><div class='entry-content-wrapper clearfix'>\n\n<style type=\"text\/css\" data-created_by=\"avia_inline_auto\" id=\"style-css-av-av_heading-35b157bb2fbe2d5f27eadc4ca4488242\">\n#top .av-special-heading.av-av_heading-35b157bb2fbe2d5f27eadc4ca4488242{\npadding-bottom:10px;\ncolor:#ffffff;\nfont-size:50px;\n}\n.av-special-heading.av-av_heading-35b157bb2fbe2d5f27eadc4ca4488242 .special-heading-inner-border{\nborder-color:#ffffff;\n}\n<\/style>\n<div  class='av-special-heading av-av_heading-35b157bb2fbe2d5f27eadc4ca4488242 av-special-heading-h3 custom-color-heading blockquote modern-quote  avia-builder-el-2  avia-builder-el-no-sibling  av-inherit-size '><h3 class='av-special-heading-tag '  itemprop=\"headline\"  >Olles pressi\u00f3<\/h3><div class='special-heading-border'><div class='special-heading-inner-border'><\/div><\/div><\/div>\n<\/div><\/div><\/div><!-- close content main div --><\/div><\/div><div id='av_section_2'  class='avia-section av-av_section-f3892e610ee9633c68397830e8f2c661 main_color avia-section-default avia-no-border-styling  avia-builder-el-3  el_after_av_section  avia-builder-el-last  avia-bg-style-scroll  container_wrap sidebar_right'  ><div class='container av-section-cont-open' ><div class='template-page content  av-content-small alpha units'><div class='post-entry post-entry-type-page post-entry-2768'><div class='entry-content-wrapper clearfix'>\n<div class='flex_column av-av_one_half-2a9015ff38129c418a3f2eafba3e9512 av_one_half  avia-builder-el-4  el_before_av_one_half  avia-builder-el-first  first flex_column_div '   ><p>\n<style type=\"text\/css\" data-created_by=\"avia_inline_auto\" id=\"style-css-av-av_image-91b9b7f54f1d0063b82149fac2b670bd\">\n.avia-image-container.av-av_image-91b9b7f54f1d0063b82149fac2b670bd .av-image-caption-overlay-center{\ncolor:#ffffff;\n}\n<\/style>\n<div  class='avia-image-container av-av_image-91b9b7f54f1d0063b82149fac2b670bd av-styling- avia-align-center  avia-builder-el-5  el_before_av_textblock  avia-builder-el-first  '  itemprop=\"image\" itemscope=\"itemscope\" itemtype=\"https:\/\/schema.org\/ImageObject\" ><div class=\"avia-image-container-inner\"><div class=\"avia-image-overlay-wrap\"><img class='wp-image-4418 avia-img-lazy-loading-not-4418 avia_image' src=\"https:\/\/www.darlexsoluciones.es\/wp-content\/uploads\/Ducha-de-aire-imatge-mitjana-2-300x300.jpg\" alt='' title='Ducha-de-aire-imatge-mitjana'  height=\"300\" width=\"300\"  itemprop=\"thumbnailUrl\" srcset=\"https:\/\/www.darlexsoluciones.es\/wp-content\/uploads\/Ducha-de-aire-imatge-mitjana-2-300x300.jpg 300w, https:\/\/www.darlexsoluciones.es\/wp-content\/uploads\/Ducha-de-aire-imatge-mitjana-2-80x80.jpg 80w, https:\/\/www.darlexsoluciones.es\/wp-content\/uploads\/Ducha-de-aire-imatge-mitjana-2-36x36.jpg 36w, https:\/\/www.darlexsoluciones.es\/wp-content\/uploads\/Ducha-de-aire-imatge-mitjana-2-180x180.jpg 180w, https:\/\/www.darlexsoluciones.es\/wp-content\/uploads\/Ducha-de-aire-imatge-mitjana-2.jpg 400w, https:\/\/www.darlexsoluciones.es\/wp-content\/uploads\/Ducha-de-aire-imatge-mitjana-2-120x120.jpg 120w\" sizes=\"(max-width: 300px) 100vw, 300px\" \/><\/div><\/div><\/div><br \/>\n<section class=\"av_textblock_section \"  itemscope=\"itemscope\" itemtype=\"https:\/\/schema.org\/CreativeWork\" ><div class='avia_textblock  '   itemprop=\"text\" ><p>Les cabines, dutxes d&#8217;aire DARLEX s\u00f3n c\u00e0meres independents instal\u00b7lades en les entrades de les sales netes o les zones de tr\u00e0nsit entre sales de diferent classificaci\u00f3, o qualsevol altre tipus d&#8217;ambient controlat. La seva funci\u00f3 principal \u00e9s la de minimitzar al m\u00e0xim el material en part\u00edcules ambientals adherides al subjecte en l&#8217;entrada o sortida de l&#8217;espai net.<\/p>\n<\/div><\/section><br \/>\n<div  class='avia-button-wrap avia-button-left  avia-builder-el-7  el_after_av_textblock  avia-builder-el-last ' >\n<style type=\"text\/css\" data-created_by=\"avia_inline_auto\" id=\"style-css-av-av_button-25d0cd0591bf4cf211a1837f5734f901\">\n#top #wrap_all .avia-button.av-av_button-25d0cd0591bf4cf211a1837f5734f901{\nbackground-color:#99a405;\nborder-color:#99a405;\ncolor:#ffffff;\ntransition:all 0.4s ease-in-out;\n-webkit-transition:all 0.4s ease-in-out;\n-moz-transition:all 0.4s ease-in-out;\n-ms-transition:all 0.4s ease-in-out;\n-o-transition:all 0.4s ease-in-out;\n}\n<\/style>\n<a href=\"http:\/\/darlex.es\/wp-content\/uploads\/Ducha-de-aire.pdf\" class=\"avia-button av-av_button-25d0cd0591bf4cf211a1837f5734f901 avia-icon_select-yes-left-icon avia-size-small avia-position-left \" target=\"_blank\" rel=\"noopener noreferrer\"><span class='avia_button_icon avia_button_icon_left' aria-hidden='true' data-av_icon='\ue82d' data-av_iconfont='entypo-fontello'><\/span><span class='avia_iconbox_title' >PDF Dutxa d\u2019aire<\/span><\/a><\/div><\/p><\/div>\n<style type=\"text\/css\" data-created_by=\"avia_inline_auto\" id=\"style-css-av-av_one_half-c8fc129dc35fd1ae2a1e410224d39ea8\">\n.flex_column.av-av_one_half-c8fc129dc35fd1ae2a1e410224d39ea8{\nborder-radius:0px 0px 0px 0px;\n-webkit-border-radius:0px 0px 0px 0px;\n-moz-border-radius:0px 0px 0px 0px;\n}\n<\/style>\n<div class='flex_column av-av_one_half-c8fc129dc35fd1ae2a1e410224d39ea8 av_one_half  avia-builder-el-8  el_after_av_one_half  avia-builder-el-last  flex_column_div av-zero-column-padding '   ><section class=\"av_textblock_section \"  itemscope=\"itemscope\" itemtype=\"https:\/\/schema.org\/CreativeWork\" ><div class='avia_textblock  '   itemprop=\"text\" ><p>Les cabines d&#8217;aire DARLEX garanteixen, a trav\u00e9s d&#8217;un flux d&#8217;aire d&#8217;alta velocitat que oscil\u00b7la entre els 20 i els 24 m\/seg, que l&#8217;aire surt expulsat a trav\u00e9s de les toveres a una velocitat en augment fins arribar a la velocitat m\u00e0xima permesa per normativa, assegurant una filtraci\u00f3 ULPA gr\u00e0cies als sistemes dissenyats a aquest efecte. Les part\u00edcules de contaminaci\u00f3 queden adherides a aquests pre-filtres, que s\u00f3n d&#8217;un sol \u00fas i accessibles a la cambra de retorn.<\/p>\n<p>El sistema de filtraci\u00f3 est\u00e0 compost per filtres HEPA capa\u00e7 de retenir el 99,99% de les part\u00edcules de pols de 0,3 micres de mida. L&#8217;acc\u00e9s al filtre es realitza des de la part superior de l&#8217;equip o en funci\u00f3 de les especificacions directes del client. Els pre-filtres de desc\u00e0rrega, habitualment G4, actuen amb una efici\u00e8ncia del 85% i s\u00f3n reempla\u00e7ables des de l&#8217;interior de la pr\u00f2pia cabina. S&#8217;utilitzen principalment per a maximitzar la vida \u00fatil dels filtres absoluts.<\/p>\n<p>El sistema el\u00e8ctric de la dutxa d&#8217;aire es compon d&#8217;un aut\u00f2mat pre-programat per temporitzar totes les accions de la cabina, una pantalla t\u00e0ctil exterior per facilitar la programaci\u00f3 dels temps, llums interiors, botons stop de seguretat interior i exterior de la cabina , llums d&#8217;encesa i apagat, interior i exterior, cablejat intern i mototurbina.<\/p>\n<\/div><\/section><\/div>\n<\/div><\/div><\/div><!-- close content main div --><\/div><\/div><div id='after_section_2'  class='main_color av_default_container_wrap container_wrap sidebar_right'  ><div class='container av-section-cont-open' ><div class='template-page content  av-content-small alpha units'><div class='post-entry post-entry-type-page post-entry-2768'><div class='entry-content-wrapper clearfix'><\/p>\n","protected":false},"excerpt":{"rendered":"","protected":false},"author":4,"featured_media":0,"parent":831,"menu_order":0,"comment_status":"closed","ping_status":"closed","template":"","meta":[],"_links":{"self":[{"href":"https:\/\/www.darlexsoluciones.es\/ca\/wp-json\/wp\/v2\/pages\/2768"}],"collection":[{"href":"https:\/\/www.darlexsoluciones.es\/ca\/wp-json\/wp\/v2\/pages"}],"about":[{"href":"https:\/\/www.darlexsoluciones.es\/ca\/wp-json\/wp\/v2\/types\/page"}],"author":[{"embeddable":true,"href":"https:\/\/www.darlexsoluciones.es\/ca\/wp-json\/wp\/v2\/users\/4"}],"replies":[{"embeddable":true,"href":"https:\/\/www.darlexsoluciones.es\/ca\/wp-json\/wp\/v2\/comments?post=2768"}],"version-history":[{"count":2,"href":"https:\/\/www.darlexsoluciones.es\/ca\/wp-json\/wp\/v2\/pages\/2768\/revisions"}],"predecessor-version":[{"id":2773,"href":"https:\/\/www.darlexsoluciones.es\/ca\/wp-json\/wp\/v2\/pages\/2768\/revisions\/2773"}],"up":[{"embeddable":true,"href":"https:\/\/www.darlexsoluciones.es\/ca\/wp-json\/wp\/v2\/pages\/831"}],"wp:attachment":[{"href":"https:\/\/www.darlexsoluciones.es\/ca\/wp-json\/wp\/v2\/media?parent=2768"}],"curies":[{"name":"wp","href":"https:\/\/api.w.org\/{rel}","templated":true}]}}