{"id":2541,"date":"2018-11-15T17:08:43","date_gmt":"2018-11-15T17:08:43","guid":{"rendered":"http:\/\/darlex.es\/pharma\/productes\/mobiliario-para-zonas-de-paso\/"},"modified":"2018-11-29T15:32:16","modified_gmt":"2018-11-29T15:32:16","slug":"mobiliari-per-zones-de-pas","status":"publish","type":"page","link":"https:\/\/www.darlexsoluciones.es\/ca\/pharma-2\/productes\/mobiliari-per-zones-de-pas\/","title":{"rendered":"Mobiliari per a zones de pas"},"content":{"rendered":"<div id='full_slider_1'  class='avia-fullwidth-slider main_color avia-shadow   avia-builder-el-0  el_before_av_section  avia-builder-el-first   container_wrap sidebar_right'  ><div   data-size='no scaling'  data-lightbox_size='large'  data-animation='slide'  data-conditional_play=''  data-ids='1982'  data-video_counter='0'  data-autoplay='false'  data-bg_slider='false'  data-slide_height=''  data-handle='av_slideshow_full'  data-interval='5'  data-class=' '  data-el_id=''  data-css_id=''  data-scroll_down=''  data-control_layout='av-control-default'  data-custom_markup=''  data-perma_caption=''  data-autoplay_stopper=''  data-image_attachment=''  data-min_height='0px'  data-lazy_loading='disabled'  data-src=''  data-position='top left'  data-repeat='no-repeat'  data-attach='scroll'  data-stretch=''  data-img_scrset=''  class='avia-slideshow avia-slideshow-1  av-control-default av-default-height-applied avia-slideshow-no scaling av_slideshow_full   avia-slide-slider '  itemprop=\"image\" itemscope=\"itemscope\" itemtype=\"https:\/\/schema.org\/ImageObject\" ><ul class='avia-slideshow-inner ' style='padding-bottom: 28.382352941176%;' ><li  class=' av-single-slide slide-1 ' ><div data-rel='slideshow-1' class='avia-slide-wrap '   ><img class=\"wp-image-4466 avia-img-lazy-loading-not-4466\"  src=\"https:\/\/www.darlexsoluciones.es\/wp-content\/uploads\/Mobiliario-paso-imatge-gran.jpg\" width=\"1360\" height=\"386\" title='Mobiliario-paso-imatge-gran' alt=''  itemprop=\"thumbnailUrl\" srcset=\"https:\/\/www.darlexsoluciones.es\/wp-content\/uploads\/Mobiliario-paso-imatge-gran.jpg 1360w, https:\/\/www.darlexsoluciones.es\/wp-content\/uploads\/Mobiliario-paso-imatge-gran-300x85.jpg 300w, https:\/\/www.darlexsoluciones.es\/wp-content\/uploads\/Mobiliario-paso-imatge-gran-768x218.jpg 768w, https:\/\/www.darlexsoluciones.es\/wp-content\/uploads\/Mobiliario-paso-imatge-gran-1030x292.jpg 1030w, https:\/\/www.darlexsoluciones.es\/wp-content\/uploads\/Mobiliario-paso-imatge-gran-705x200.jpg 705w, https:\/\/www.darlexsoluciones.es\/wp-content\/uploads\/Mobiliario-paso-imatge-gran-450x128.jpg 450w\" sizes=\"(max-width: 1360px) 100vw, 1360px\" \/><\/div><\/li><\/ul><\/div><\/div>\n\n<style type=\"text\/css\" data-created_by=\"avia_inline_auto\" id=\"style-css-av-av_section-3a745545c68660b9f0107183bfccdc5d\">\n.avia-section.av-av_section-3a745545c68660b9f0107183bfccdc5d{\nbackground-color:#8d034d;\n}\n<\/style>\n<div id='av_section_1'  class='avia-section av-av_section-3a745545c68660b9f0107183bfccdc5d main_color avia-section-default avia-no-border-styling  avia-builder-el-1  el_after_av_slideshow_full  el_before_av_section  avia-bg-style-scroll  av-minimum-height av-minimum-height-25  container_wrap sidebar_right'   data-av_minimum_height_pc='25'><div class='container av-section-cont-open' ><div class='template-page content  av-content-small alpha units'><div class='post-entry post-entry-type-page post-entry-2541'><div class='entry-content-wrapper clearfix'>\n\n<style type=\"text\/css\" data-created_by=\"avia_inline_auto\" id=\"style-css-av-av_heading-1d4b4df4b1ab8dd24e88a698dbd689de\">\n#top .av-special-heading.av-av_heading-1d4b4df4b1ab8dd24e88a698dbd689de{\npadding-bottom:10px;\ncolor:#ffffff;\nfont-size:50px;\n}\n.av-special-heading.av-av_heading-1d4b4df4b1ab8dd24e88a698dbd689de .special-heading-inner-border{\nborder-color:#ffffff;\n}\n.av-special-heading.av-av_heading-1d4b4df4b1ab8dd24e88a698dbd689de .av-subheading{\nfont-size:20px;\n}\n<\/style>\n<div  class='av-special-heading av-av_heading-1d4b4df4b1ab8dd24e88a698dbd689de av-special-heading-h3 custom-color-heading blockquote modern-quote  avia-builder-el-2  avia-builder-el-no-sibling  av-inherit-size '><h3 class='av-special-heading-tag '  itemprop=\"headline\"  >Mobiliari per a zones de pas<\/h3><div class='av_custom_color av-subheading av-subheading_below '><p>Taquilles Bancs Accessoris Armaris<\/p>\n<\/div><div class='special-heading-border'><div class='special-heading-inner-border'><\/div><\/div><\/div>\n<\/div><\/div><\/div><!-- close content main div --><\/div><\/div><div id='av_section_2'  class='avia-section av-av_section-f3892e610ee9633c68397830e8f2c661 main_color avia-section-default avia-no-border-styling  avia-builder-el-3  el_after_av_section  el_before_av_section  avia-bg-style-scroll  container_wrap sidebar_right'  ><div class='container av-section-cont-open' ><div class='template-page content  av-content-small alpha units'><div class='post-entry post-entry-type-page post-entry-2541'><div class='entry-content-wrapper clearfix'>\n<div class='flex_column av-av_one_half-2a9015ff38129c418a3f2eafba3e9512 av_one_half  avia-builder-el-4  el_before_av_one_half  avia-builder-el-first  first flex_column_div '   ><style type=\"text\/css\" data-created_by=\"avia_inline_auto\" id=\"style-css-av-av_image-deee07fd317c6843bb0432f584b6c8b4\">\n.avia-image-container.av-av_image-deee07fd317c6843bb0432f584b6c8b4 .av-image-caption-overlay-center{\ncolor:#ffffff;\n}\n<\/style>\n<div  class='avia-image-container av-av_image-deee07fd317c6843bb0432f584b6c8b4 av-styling- avia-align-center  avia-builder-el-5  avia-builder-el-no-sibling  '  itemprop=\"image\" itemscope=\"itemscope\" itemtype=\"https:\/\/schema.org\/ImageObject\" ><div class=\"avia-image-container-inner\"><div class=\"avia-image-overlay-wrap\"><img class='wp-image-4484 avia-img-lazy-loading-not-4484 avia_image' src=\"https:\/\/www.darlexsoluciones.es\/wp-content\/uploads\/Mobiliario-paso-imatge-mitjana.jpg\" alt='' title='Mobiliario-paso-imatge-mitjana'  height=\"472\" width=\"1004\"  itemprop=\"thumbnailUrl\" srcset=\"https:\/\/www.darlexsoluciones.es\/wp-content\/uploads\/Mobiliario-paso-imatge-mitjana.jpg 1004w, https:\/\/www.darlexsoluciones.es\/wp-content\/uploads\/Mobiliario-paso-imatge-mitjana-300x141.jpg 300w, https:\/\/www.darlexsoluciones.es\/wp-content\/uploads\/Mobiliario-paso-imatge-mitjana-768x361.jpg 768w, https:\/\/www.darlexsoluciones.es\/wp-content\/uploads\/Mobiliario-paso-imatge-mitjana-705x331.jpg 705w, https:\/\/www.darlexsoluciones.es\/wp-content\/uploads\/Mobiliario-paso-imatge-mitjana-450x212.jpg 450w\" sizes=\"(max-width: 1004px) 100vw, 1004px\" \/><\/div><\/div><\/div><\/div>\n<style type=\"text\/css\" data-created_by=\"avia_inline_auto\" id=\"style-css-av-av_one_half-c8fc129dc35fd1ae2a1e410224d39ea8\">\n.flex_column.av-av_one_half-c8fc129dc35fd1ae2a1e410224d39ea8{\nborder-radius:0px 0px 0px 0px;\n-webkit-border-radius:0px 0px 0px 0px;\n-moz-border-radius:0px 0px 0px 0px;\n}\n<\/style>\n<div class='flex_column av-av_one_half-c8fc129dc35fd1ae2a1e410224d39ea8 av_one_half  avia-builder-el-6  el_after_av_one_half  avia-builder-el-last  flex_column_div av-zero-column-padding '   ><section class=\"av_textblock_section \"  itemscope=\"itemscope\" itemtype=\"https:\/\/schema.org\/CreativeWork\" ><div class='avia_textblock  '   itemprop=\"text\" ><p class=\"p1\">Les taquilles, armaris i bancs DARLEX posseeixen una gran durabilitat, resist\u00e8ncia i higiene. Gr\u00e0cies a la seva qualitat i disseny s&#8217;aconsegueixen unes instal\u00b7lacions \u00f2ptimes capa\u00e7os de cobrir les necessitats en qualsevol \u00e0mbit professional.<\/p>\n<p class=\"p1\">Es fabriquen \u00edntegrament en acer inoxidable AISI 304 i sense cap tipus de rac\u00f3 interior per evitar possibles acumulacions de pols o bacteris i facilitar la neteja, que nom\u00e9s necessit\u00e9s aigua i sab\u00f3.<\/p>\n<p class=\"p1\">Per aconseguir major adaptabilitat, les potes s\u00f3n regulables en al\u00e7ada.<\/p>\n<p class=\"p1\">En els nous desenvolupaments de DARLEX, les taquilles i els armaris poden incorporar panys equipades amb control num\u00e8ric o electr\u00f2nic.<\/p>\n<\/div><\/section><br \/>\n<div  class='avia-button-wrap avia-button-left  avia-builder-el-8  el_after_av_textblock  avia-builder-el-last ' >\n<style type=\"text\/css\" data-created_by=\"avia_inline_auto\" id=\"style-css-av-av_button-2edb4a6d7a5423e083bd55672bbc957a\">\n#top #wrap_all .avia-button.av-av_button-2edb4a6d7a5423e083bd55672bbc957a{\nbackground-color:#8d034d;\nborder-color:#8d034d;\ncolor:#ffffff;\ntransition:all 0.4s ease-in-out;\n-webkit-transition:all 0.4s ease-in-out;\n-moz-transition:all 0.4s ease-in-out;\n-ms-transition:all 0.4s ease-in-out;\n-o-transition:all 0.4s ease-in-out;\n}\n<\/style>\n<a href=\"http:\/\/darlex.es\/wp-content\/uploads\/Mobiliario-paso.pdf\" class=\"avia-button av-av_button-2edb4a6d7a5423e083bd55672bbc957a avia-icon_select-yes-left-icon avia-size-small avia-position-left \" target=\"_blank\" rel=\"noopener noreferrer\"><span class='avia_button_icon avia_button_icon_left' aria-hidden='true' data-av_icon='\ue82d' data-av_iconfont='entypo-fontello'><\/span><span class='avia_iconbox_title' >PDF Mobiliari zones pas<\/span><\/a><\/div><\/p><\/div><\/div><\/div><\/div><!-- close content main div --><\/div><\/div>\n<style type=\"text\/css\" data-created_by=\"avia_inline_auto\" id=\"style-css-av-av_section-f342493862cc509dd93f08a2c8356ed0\">\n.avia-section.av-av_section-f342493862cc509dd93f08a2c8356ed0{\nbackground-color:#f4f4f4;\n}\n<\/style>\n<div id='av_section_3'  class='avia-section av-av_section-f342493862cc509dd93f08a2c8356ed0 main_color avia-section-default avia-no-border-styling  avia-builder-el-9  el_after_av_section  avia-builder-el-last  avia-bg-style-scroll  container_wrap sidebar_right'  ><div class='container av-section-cont-open' ><div class='template-page content  av-content-small alpha units'><div class='post-entry post-entry-type-page post-entry-2541'><div class='entry-content-wrapper clearfix'>\n\n<style type=\"text\/css\" data-created_by=\"avia_inline_auto\" id=\"style-css-av-av_heading-cf00d950e9e46de93aa8b5b4343d7a4b\">\n#top .av-special-heading.av-av_heading-cf00d950e9e46de93aa8b5b4343d7a4b{\npadding-bottom:30px;\nfont-size:33px;\n}\n<\/style>\n<div  class='av-special-heading av-av_heading-cf00d950e9e46de93aa8b5b4343d7a4b av-special-heading-h3 blockquote modern-quote  avia-builder-el-10  el_before_av_one_fourth  avia-builder-el-first  av-inherit-size '><h3 class='av-special-heading-tag '  itemprop=\"headline\"  >Selecci\u00f3 de productes &#8211; Mobiliari per a zones de pas<\/h3><div class='special-heading-border'><div class='special-heading-inner-border'><\/div><\/div><\/div>\n<div class='flex_column av-av_one_fourth-2a9015ff38129c418a3f2eafba3e9512 av_one_fourth  avia-builder-el-11  el_after_av_heading  el_before_av_one_fourth  first flex_column_div '   ><p>\n<style type=\"text\/css\" data-created_by=\"avia_inline_auto\" id=\"style-css-av-av_image-51994401d84ff66804cbfb9a28445f3a\">\n.avia-image-container.av-av_image-51994401d84ff66804cbfb9a28445f3a .av-image-caption-overlay-center{\ncolor:#ffffff;\n}\n<\/style>\n<div  class='avia-image-container av-av_image-51994401d84ff66804cbfb9a28445f3a av-styling- avia-align-center  avia-builder-el-12  el_before_av_textblock  avia-builder-el-first  '  itemprop=\"image\" itemscope=\"itemscope\" itemtype=\"https:\/\/schema.org\/ImageObject\" ><div class=\"avia-image-container-inner\"><div class=\"avia-image-overlay-wrap\"><img class='wp-image-4487 avia-img-lazy-loading-not-4487 avia_image' src=\"https:\/\/www.darlexsoluciones.es\/wp-content\/uploads\/Mobiliari-paso-taquillas-300x300.jpg\" alt='' title='Mobiliari-paso-taquillas'  height=\"300\" width=\"300\"  itemprop=\"thumbnailUrl\" srcset=\"https:\/\/www.darlexsoluciones.es\/wp-content\/uploads\/Mobiliari-paso-taquillas-300x300.jpg 300w, https:\/\/www.darlexsoluciones.es\/wp-content\/uploads\/Mobiliari-paso-taquillas-80x80.jpg 80w, https:\/\/www.darlexsoluciones.es\/wp-content\/uploads\/Mobiliari-paso-taquillas-36x36.jpg 36w, https:\/\/www.darlexsoluciones.es\/wp-content\/uploads\/Mobiliari-paso-taquillas-180x180.jpg 180w, https:\/\/www.darlexsoluciones.es\/wp-content\/uploads\/Mobiliari-paso-taquillas.jpg 400w, https:\/\/www.darlexsoluciones.es\/wp-content\/uploads\/Mobiliari-paso-taquillas-120x120.jpg 120w\" sizes=\"(max-width: 300px) 100vw, 300px\" \/><\/div><\/div><\/div><br \/>\n<section class=\"av_textblock_section \"  itemscope=\"itemscope\" itemtype=\"https:\/\/schema.org\/CreativeWork\" ><div class='avia_textblock  '   itemprop=\"text\" ><h3>Taquilles<\/h3>\n<\/div><\/section><br \/>\n<div  class='avia-button-wrap avia-button-left  avia-builder-el-14  el_after_av_textblock  avia-builder-el-last ' >\n<style type=\"text\/css\" data-created_by=\"avia_inline_auto\" id=\"style-css-av-av_button-024c11cc5998824f7f8fa0887324e485\">\n#top #wrap_all .avia-button.av-av_button-024c11cc5998824f7f8fa0887324e485{\nbackground-color:#8d034d;\nborder-color:#8d034d;\ncolor:#ffffff;\ntransition:all 0.4s ease-in-out;\n-webkit-transition:all 0.4s ease-in-out;\n-moz-transition:all 0.4s ease-in-out;\n-ms-transition:all 0.4s ease-in-out;\n-o-transition:all 0.4s ease-in-out;\n}\n<\/style>\n<a href=\"http:\/\/darlex.es\/wp-content\/uploads\/Mobiliario-paso-taquillas.pdf\" class=\"avia-button av-av_button-024c11cc5998824f7f8fa0887324e485 avia-icon_select-yes-left-icon avia-size-small avia-position-left \" target=\"_blank\" rel=\"noopener noreferrer\"><span class='avia_button_icon avia_button_icon_left' aria-hidden='true' data-av_icon='\ue82d' data-av_iconfont='entypo-fontello'><\/span><span class='avia_iconbox_title' >PDF Taquilles<\/span><\/a><\/div><\/p><\/div>\n<style type=\"text\/css\" data-created_by=\"avia_inline_auto\" id=\"style-css-av-av_one_fourth-c8fc129dc35fd1ae2a1e410224d39ea8\">\n.flex_column.av-av_one_fourth-c8fc129dc35fd1ae2a1e410224d39ea8{\nborder-radius:0px 0px 0px 0px;\n-webkit-border-radius:0px 0px 0px 0px;\n-moz-border-radius:0px 0px 0px 0px;\n}\n<\/style>\n<div class='flex_column av-av_one_fourth-c8fc129dc35fd1ae2a1e410224d39ea8 av_one_fourth  avia-builder-el-15  el_after_av_one_fourth  el_before_av_one_fourth  flex_column_div av-zero-column-padding '   ><p>\n<style type=\"text\/css\" data-created_by=\"avia_inline_auto\" id=\"style-css-av-av_image-f96f83e57460488e8e2e188b92d4037e\">\n.avia-image-container.av-av_image-f96f83e57460488e8e2e188b92d4037e .av-image-caption-overlay-center{\ncolor:#ffffff;\n}\n<\/style>\n<div  class='avia-image-container av-av_image-f96f83e57460488e8e2e188b92d4037e av-styling- avia-align-center  avia-builder-el-16  el_before_av_textblock  avia-builder-el-first  '  itemprop=\"image\" itemscope=\"itemscope\" itemtype=\"https:\/\/schema.org\/ImageObject\" ><div class=\"avia-image-container-inner\"><div class=\"avia-image-overlay-wrap\"><img class='wp-image-4490 avia-img-lazy-loading-not-4490 avia_image' src=\"https:\/\/www.darlexsoluciones.es\/wp-content\/uploads\/Mobiliario-paso-bancos-300x300.jpg\" alt='' title='Mobiliario-paso-bancos'  height=\"300\" width=\"300\"  itemprop=\"thumbnailUrl\" srcset=\"https:\/\/www.darlexsoluciones.es\/wp-content\/uploads\/Mobiliario-paso-bancos-300x300.jpg 300w, https:\/\/www.darlexsoluciones.es\/wp-content\/uploads\/Mobiliario-paso-bancos-80x80.jpg 80w, https:\/\/www.darlexsoluciones.es\/wp-content\/uploads\/Mobiliario-paso-bancos-36x36.jpg 36w, https:\/\/www.darlexsoluciones.es\/wp-content\/uploads\/Mobiliario-paso-bancos-180x180.jpg 180w, https:\/\/www.darlexsoluciones.es\/wp-content\/uploads\/Mobiliario-paso-bancos.jpg 400w, https:\/\/www.darlexsoluciones.es\/wp-content\/uploads\/Mobiliario-paso-bancos-120x120.jpg 120w\" sizes=\"(max-width: 300px) 100vw, 300px\" \/><\/div><\/div><\/div><br \/>\n<section class=\"av_textblock_section \"  itemscope=\"itemscope\" itemtype=\"https:\/\/schema.org\/CreativeWork\" ><div class='avia_textblock  '   itemprop=\"text\" ><h3>Bancs<\/h3>\n<\/div><\/section><br \/>\n<div  class='avia-button-wrap avia-button-left  avia-builder-el-18  el_after_av_textblock  avia-builder-el-last ' >\n<style type=\"text\/css\" data-created_by=\"avia_inline_auto\" id=\"style-css-av-av_button-f522cd5e3ea1785bffca9d777935e129\">\n#top #wrap_all .avia-button.av-av_button-f522cd5e3ea1785bffca9d777935e129{\nbackground-color:#8d034d;\nborder-color:#8d034d;\ncolor:#ffffff;\ntransition:all 0.4s ease-in-out;\n-webkit-transition:all 0.4s ease-in-out;\n-moz-transition:all 0.4s ease-in-out;\n-ms-transition:all 0.4s ease-in-out;\n-o-transition:all 0.4s ease-in-out;\n}\n<\/style>\n<a href=\"http:\/\/darlex.es\/wp-content\/uploads\/Mobiliario-paso-bancos.pdf\" class=\"avia-button av-av_button-f522cd5e3ea1785bffca9d777935e129 avia-icon_select-yes-left-icon avia-size-small avia-position-left \" target=\"_blank\" rel=\"noopener noreferrer\"><span class='avia_button_icon avia_button_icon_left' aria-hidden='true' data-av_icon='\ue82d' data-av_iconfont='entypo-fontello'><\/span><span class='avia_iconbox_title' >PDF Bancs<\/span><\/a><\/div><\/p><\/div>\n<style type=\"text\/css\" data-created_by=\"avia_inline_auto\" id=\"style-css-av-av_one_fourth-c8fc129dc35fd1ae2a1e410224d39ea8\">\n.flex_column.av-av_one_fourth-c8fc129dc35fd1ae2a1e410224d39ea8{\nborder-radius:0px 0px 0px 0px;\n-webkit-border-radius:0px 0px 0px 0px;\n-moz-border-radius:0px 0px 0px 0px;\n}\n<\/style>\n<div class='flex_column av-av_one_fourth-c8fc129dc35fd1ae2a1e410224d39ea8 av_one_fourth  avia-builder-el-19  el_after_av_one_fourth  el_before_av_one_fourth  flex_column_div av-zero-column-padding '   ><p>\n<style type=\"text\/css\" data-created_by=\"avia_inline_auto\" id=\"style-css-av-av_image-225398bd66a3005d15fb2e776ce24522\">\n.avia-image-container.av-av_image-225398bd66a3005d15fb2e776ce24522 .av-image-caption-overlay-center{\ncolor:#ffffff;\n}\n<\/style>\n<div  class='avia-image-container av-av_image-225398bd66a3005d15fb2e776ce24522 av-styling- avia-align-center  avia-builder-el-20  el_before_av_textblock  avia-builder-el-first  '  itemprop=\"image\" itemscope=\"itemscope\" itemtype=\"https:\/\/schema.org\/ImageObject\" ><div class=\"avia-image-container-inner\"><div class=\"avia-image-overlay-wrap\"><img class='wp-image-4493 avia-img-lazy-loading-not-4493 avia_image' src=\"https:\/\/www.darlexsoluciones.es\/wp-content\/uploads\/Mobiliario-paso-accesorios-300x300.jpg\" alt='' title='Mobiliario-paso-accesorios'  height=\"300\" width=\"300\"  itemprop=\"thumbnailUrl\" srcset=\"https:\/\/www.darlexsoluciones.es\/wp-content\/uploads\/Mobiliario-paso-accesorios-300x300.jpg 300w, https:\/\/www.darlexsoluciones.es\/wp-content\/uploads\/Mobiliario-paso-accesorios-80x80.jpg 80w, https:\/\/www.darlexsoluciones.es\/wp-content\/uploads\/Mobiliario-paso-accesorios-36x36.jpg 36w, https:\/\/www.darlexsoluciones.es\/wp-content\/uploads\/Mobiliario-paso-accesorios-180x180.jpg 180w, https:\/\/www.darlexsoluciones.es\/wp-content\/uploads\/Mobiliario-paso-accesorios.jpg 400w, https:\/\/www.darlexsoluciones.es\/wp-content\/uploads\/Mobiliario-paso-accesorios-120x120.jpg 120w\" sizes=\"(max-width: 300px) 100vw, 300px\" \/><\/div><\/div><\/div><br \/>\n<section class=\"av_textblock_section \"  itemscope=\"itemscope\" itemtype=\"https:\/\/schema.org\/CreativeWork\" ><div class='avia_textblock  '   itemprop=\"text\" ><h3>Accesoris<\/h3>\n<\/div><\/section><br \/>\n<div  class='avia-button-wrap avia-button-left  avia-builder-el-22  el_after_av_textblock  avia-builder-el-last ' >\n<style type=\"text\/css\" data-created_by=\"avia_inline_auto\" id=\"style-css-av-av_button-406d819527c612b745f8ea38dd718312\">\n#top #wrap_all .avia-button.av-av_button-406d819527c612b745f8ea38dd718312{\nbackground-color:#8d034d;\nborder-color:#8d034d;\ncolor:#ffffff;\ntransition:all 0.4s ease-in-out;\n-webkit-transition:all 0.4s ease-in-out;\n-moz-transition:all 0.4s ease-in-out;\n-ms-transition:all 0.4s ease-in-out;\n-o-transition:all 0.4s ease-in-out;\n}\n<\/style>\n<a href=\"http:\/\/darlex.es\/wp-content\/uploads\/Mobiliario-paso-accesorios.pdf\" class=\"avia-button av-av_button-406d819527c612b745f8ea38dd718312 avia-icon_select-yes-left-icon avia-size-small avia-position-left \" target=\"_blank\" rel=\"noopener noreferrer\"><span class='avia_button_icon avia_button_icon_left' aria-hidden='true' data-av_icon='\ue82d' data-av_iconfont='entypo-fontello'><\/span><span class='avia_iconbox_title' >PDF Accesoris<\/span><\/a><\/div><\/p><\/div>\n<style type=\"text\/css\" data-created_by=\"avia_inline_auto\" id=\"style-css-av-av_one_fourth-c8fc129dc35fd1ae2a1e410224d39ea8\">\n.flex_column.av-av_one_fourth-c8fc129dc35fd1ae2a1e410224d39ea8{\nborder-radius:0px 0px 0px 0px;\n-webkit-border-radius:0px 0px 0px 0px;\n-moz-border-radius:0px 0px 0px 0px;\n}\n<\/style>\n<div class='flex_column av-av_one_fourth-c8fc129dc35fd1ae2a1e410224d39ea8 av_one_fourth  avia-builder-el-23  el_after_av_one_fourth  avia-builder-el-last  flex_column_div av-zero-column-padding '   ><p>\n<style type=\"text\/css\" data-created_by=\"avia_inline_auto\" id=\"style-css-av-av_image-d17e80bcf3970a6e2f226907cdd2b188\">\n.avia-image-container.av-av_image-d17e80bcf3970a6e2f226907cdd2b188 .av-image-caption-overlay-center{\ncolor:#ffffff;\n}\n<\/style>\n<div  class='avia-image-container av-av_image-d17e80bcf3970a6e2f226907cdd2b188 av-styling- avia-align-center  avia-builder-el-24  el_before_av_textblock  avia-builder-el-first  '  itemprop=\"image\" itemscope=\"itemscope\" itemtype=\"https:\/\/schema.org\/ImageObject\" ><div class=\"avia-image-container-inner\"><div class=\"avia-image-overlay-wrap\"><img class='wp-image-4496 avia-img-lazy-loading-not-4496 avia_image' src=\"https:\/\/www.darlexsoluciones.es\/wp-content\/uploads\/Mobiliario-paso-armarios-300x300.jpg\" alt='' title='Mobiliario-paso-armarios'  height=\"300\" width=\"300\"  itemprop=\"thumbnailUrl\" srcset=\"https:\/\/www.darlexsoluciones.es\/wp-content\/uploads\/Mobiliario-paso-armarios-300x300.jpg 300w, https:\/\/www.darlexsoluciones.es\/wp-content\/uploads\/Mobiliario-paso-armarios-80x80.jpg 80w, https:\/\/www.darlexsoluciones.es\/wp-content\/uploads\/Mobiliario-paso-armarios-36x36.jpg 36w, https:\/\/www.darlexsoluciones.es\/wp-content\/uploads\/Mobiliario-paso-armarios-180x180.jpg 180w, https:\/\/www.darlexsoluciones.es\/wp-content\/uploads\/Mobiliario-paso-armarios.jpg 400w, https:\/\/www.darlexsoluciones.es\/wp-content\/uploads\/Mobiliario-paso-armarios-120x120.jpg 120w\" sizes=\"(max-width: 300px) 100vw, 300px\" \/><\/div><\/div><\/div><br \/>\n<section class=\"av_textblock_section \"  itemscope=\"itemscope\" itemtype=\"https:\/\/schema.org\/CreativeWork\" ><div class='avia_textblock  '   itemprop=\"text\" ><h3>Armaris<\/h3>\n<\/div><\/section><br \/>\n<div  class='avia-button-wrap avia-button-left  avia-builder-el-26  el_after_av_textblock  avia-builder-el-last ' >\n<style type=\"text\/css\" data-created_by=\"avia_inline_auto\" id=\"style-css-av-av_button-075e8d430bd3abd3c409dd88033499e2\">\n#top #wrap_all .avia-button.av-av_button-075e8d430bd3abd3c409dd88033499e2{\nbackground-color:#8d034d;\nborder-color:#8d034d;\ncolor:#ffffff;\ntransition:all 0.4s ease-in-out;\n-webkit-transition:all 0.4s ease-in-out;\n-moz-transition:all 0.4s ease-in-out;\n-ms-transition:all 0.4s ease-in-out;\n-o-transition:all 0.4s ease-in-out;\n}\n<\/style>\n<a href=\"http:\/\/darlex.es\/wp-content\/uploads\/Mobiliario-paso-armarios.pdf\" class=\"avia-button av-av_button-075e8d430bd3abd3c409dd88033499e2 avia-icon_select-yes-left-icon avia-size-small avia-position-left \" target=\"_blank\" rel=\"noopener noreferrer\"><span class='avia_button_icon avia_button_icon_left' aria-hidden='true' data-av_icon='\ue82d' data-av_iconfont='entypo-fontello'><\/span><span class='avia_iconbox_title' >PDF Armaris<\/span><\/a><\/div><\/p><\/div><\/div><\/div><\/div><!-- close content main div --><\/div><\/div><div id='after_section_3'  class='main_color av_default_container_wrap container_wrap sidebar_right'  ><div class='container av-section-cont-open' ><div class='template-page content  av-content-small alpha units'><div class='post-entry post-entry-type-page post-entry-2541'><div class='entry-content-wrapper clearfix'><\/p>\n","protected":false},"excerpt":{"rendered":"","protected":false},"author":4,"featured_media":0,"parent":831,"menu_order":0,"comment_status":"closed","ping_status":"closed","template":"","meta":[],"_links":{"self":[{"href":"https:\/\/www.darlexsoluciones.es\/ca\/wp-json\/wp\/v2\/pages\/2541"}],"collection":[{"href":"https:\/\/www.darlexsoluciones.es\/ca\/wp-json\/wp\/v2\/pages"}],"about":[{"href":"https:\/\/www.darlexsoluciones.es\/ca\/wp-json\/wp\/v2\/types\/page"}],"author":[{"embeddable":true,"href":"https:\/\/www.darlexsoluciones.es\/ca\/wp-json\/wp\/v2\/users\/4"}],"replies":[{"embeddable":true,"href":"https:\/\/www.darlexsoluciones.es\/ca\/wp-json\/wp\/v2\/comments?post=2541"}],"version-history":[{"count":2,"href":"https:\/\/www.darlexsoluciones.es\/ca\/wp-json\/wp\/v2\/pages\/2541\/revisions"}],"predecessor-version":[{"id":2580,"href":"https:\/\/www.darlexsoluciones.es\/ca\/wp-json\/wp\/v2\/pages\/2541\/revisions\/2580"}],"up":[{"embeddable":true,"href":"https:\/\/www.darlexsoluciones.es\/ca\/wp-json\/wp\/v2\/pages\/831"}],"wp:attachment":[{"href":"https:\/\/www.darlexsoluciones.es\/ca\/wp-json\/wp\/v2\/media?parent=2541"}],"curies":[{"name":"wp","href":"https:\/\/api.w.org\/{rel}","templated":true}]}}