{"id":2197,"date":"2018-09-28T10:55:15","date_gmt":"2018-09-28T10:55:15","guid":{"rendered":"http:\/\/darlex.es\/hospitality\/productes\/sumideros-y-canales-cocina\/"},"modified":"2018-11-29T15:38:59","modified_gmt":"2018-11-29T15:38:59","slug":"embornals-i-canals-cuina","status":"publish","type":"page","link":"https:\/\/www.darlexsoluciones.es\/ca\/hospitality\/productes\/embornals-i-canals-cuina\/","title":{"rendered":"Embornals i canals cuina"},"content":{"rendered":"<div id='full_slider_1'  class='avia-fullwidth-slider main_color avia-shadow   avia-builder-el-0  el_before_av_section  avia-builder-el-first   container_wrap sidebar_right'  ><div   data-size='no scaling'  data-lightbox_size='large'  data-animation='slide'  data-conditional_play=''  data-ids='1418'  data-video_counter='0'  data-autoplay='false'  data-bg_slider='false'  data-slide_height=''  data-handle='av_slideshow_full'  data-interval='5'  data-class=' '  data-el_id=''  data-css_id=''  data-scroll_down=''  data-control_layout='av-control-default'  data-custom_markup=''  data-perma_caption=''  data-autoplay_stopper=''  data-image_attachment=''  data-min_height='0px'  data-lazy_loading='disabled'  data-src=''  data-position='top left'  data-repeat='no-repeat'  data-attach='scroll'  data-stretch=''  data-img_scrset=''  class='avia-slideshow avia-slideshow-1  av-control-default av-default-height-applied avia-slideshow-no scaling av_slideshow_full   avia-slide-slider '  itemprop=\"image\" itemscope=\"itemscope\" itemtype=\"https:\/\/schema.org\/ImageObject\" ><ul class='avia-slideshow-inner ' style='padding-bottom: 28.382352941176%;' ><li  class=' av-single-slide slide-1 ' ><div data-rel='slideshow-1' class='avia-slide-wrap '   ><img class=\"wp-image-4172 avia-img-lazy-loading-not-4172\"  src=\"https:\/\/www.darlexsoluciones.es\/wp-content\/uploads\/banner-apartats-cocina.jpg\" width=\"1360\" height=\"386\" title='banner-apartats-cocina' alt=''  itemprop=\"thumbnailUrl\" srcset=\"https:\/\/www.darlexsoluciones.es\/wp-content\/uploads\/banner-apartats-cocina.jpg 1360w, https:\/\/www.darlexsoluciones.es\/wp-content\/uploads\/banner-apartats-cocina-300x85.jpg 300w, https:\/\/www.darlexsoluciones.es\/wp-content\/uploads\/banner-apartats-cocina-768x218.jpg 768w, https:\/\/www.darlexsoluciones.es\/wp-content\/uploads\/banner-apartats-cocina-1030x292.jpg 1030w, https:\/\/www.darlexsoluciones.es\/wp-content\/uploads\/banner-apartats-cocina-705x200.jpg 705w, https:\/\/www.darlexsoluciones.es\/wp-content\/uploads\/banner-apartats-cocina-450x128.jpg 450w\" sizes=\"(max-width: 1360px) 100vw, 1360px\" \/><\/div><\/li><\/ul><\/div><\/div>\n\n<style type=\"text\/css\" data-created_by=\"avia_inline_auto\" id=\"style-css-av-av_section-d305859ef13211d08b995617283f801c\">\n.avia-section.av-av_section-d305859ef13211d08b995617283f801c{\nbackground-color:#99a405;\n}\n<\/style>\n<div id='av_section_1'  class='avia-section av-av_section-d305859ef13211d08b995617283f801c main_color avia-section-default avia-no-border-styling  avia-builder-el-1  el_after_av_slideshow_full  el_before_av_section  avia-bg-style-scroll  av-minimum-height av-minimum-height-25  container_wrap sidebar_right'   data-av_minimum_height_pc='25'><div class='container av-section-cont-open' ><div class='template-page content  av-content-small alpha units'><div class='post-entry post-entry-type-page post-entry-2197'><div class='entry-content-wrapper clearfix'>\n\n<style type=\"text\/css\" data-created_by=\"avia_inline_auto\" id=\"style-css-av-av_heading-c1fb53e5dc91359bdfab3ad5918f2496\">\n#top .av-special-heading.av-av_heading-c1fb53e5dc91359bdfab3ad5918f2496{\npadding-bottom:10px;\ncolor:#ffffff;\nfont-size:50px;\n}\n.av-special-heading.av-av_heading-c1fb53e5dc91359bdfab3ad5918f2496 .special-heading-inner-border{\nborder-color:#ffffff;\n}\n.av-special-heading.av-av_heading-c1fb53e5dc91359bdfab3ad5918f2496 .av-subheading{\nfont-size:20px;\n}\n<\/style>\n<div  class='av-special-heading av-av_heading-c1fb53e5dc91359bdfab3ad5918f2496 av-special-heading-h3 custom-color-heading blockquote modern-quote  avia-builder-el-2  avia-builder-el-no-sibling  av-inherit-size '><h3 class='av-special-heading-tag '  itemprop=\"headline\"  >Cuina<\/h3><div class='av_custom_color av-subheading av-subheading_below '><p>EmbornalsCanalsDesguassos<\/p>\n<\/div><div class='special-heading-border'><div class='special-heading-inner-border'><\/div><\/div><\/div>\n\n<\/div><\/div><\/div><!-- close content main div --><\/div><\/div><div id='av_section_2'  class='avia-section av-av_section-f3892e610ee9633c68397830e8f2c661 main_color avia-section-default avia-no-border-styling  avia-builder-el-3  el_after_av_section  el_before_av_section  avia-bg-style-scroll  container_wrap sidebar_right'  ><div class='container av-section-cont-open' ><div class='template-page content  av-content-small alpha units'><div class='post-entry post-entry-type-page post-entry-2197'><div class='entry-content-wrapper clearfix'>\n<div class='flex_column av-av_one_half-2a9015ff38129c418a3f2eafba3e9512 av_one_half  avia-builder-el-4  el_before_av_one_half  avia-builder-el-first  first flex_column_div '   ><p>\n<style type=\"text\/css\" data-created_by=\"avia_inline_auto\" id=\"style-css-av-av_image-ab1bbb1daed2fbe72f96bd97f96ac25a\">\n.avia-image-container.av-av_image-ab1bbb1daed2fbe72f96bd97f96ac25a .av-image-caption-overlay-center{\ncolor:#ffffff;\n}\n<\/style>\n<div  class='avia-image-container av-av_image-ab1bbb1daed2fbe72f96bd97f96ac25a av-styling- avia-align-center  avia-builder-el-5  el_before_av_textblock  avia-builder-el-first  '  itemprop=\"image\" itemscope=\"itemscope\" itemtype=\"https:\/\/schema.org\/ImageObject\" ><div class=\"avia-image-container-inner\"><div class=\"avia-image-overlay-wrap\"><img class='wp-image-4169 avia-img-lazy-loading-not-4169 avia_image' src=\"https:\/\/www.darlexsoluciones.es\/wp-content\/uploads\/imatge-apartat-cocina.jpg\" alt='' title='imatge-apartat-cocina'  height=\"472\" width=\"1004\"  itemprop=\"thumbnailUrl\" srcset=\"https:\/\/www.darlexsoluciones.es\/wp-content\/uploads\/imatge-apartat-cocina.jpg 1004w, https:\/\/www.darlexsoluciones.es\/wp-content\/uploads\/imatge-apartat-cocina-300x141.jpg 300w, https:\/\/www.darlexsoluciones.es\/wp-content\/uploads\/imatge-apartat-cocina-768x361.jpg 768w, https:\/\/www.darlexsoluciones.es\/wp-content\/uploads\/imatge-apartat-cocina-705x331.jpg 705w, https:\/\/www.darlexsoluciones.es\/wp-content\/uploads\/imatge-apartat-cocina-450x212.jpg 450w\" sizes=\"(max-width: 1004px) 100vw, 1004px\" \/><\/div><\/div><\/div><br \/>\n<section class=\"av_textblock_section \"  itemscope=\"itemscope\" itemtype=\"https:\/\/schema.org\/CreativeWork\" ><div class='avia_textblock  '   itemprop=\"text\" ><p>Els projectes hotelers en general tenen una idiosincr\u00e0sia pr\u00f2pia que nom\u00e9s dissenyadors, arquitectes o propietaris coneixen. Dificultats de tota mena s&#8217;afegeixen a les cada vegada m\u00e9s estrictes exig\u00e8ncies en normativa.<\/p>\n<p>Si a m\u00e9s ens endinsem en les particularitats dels projectes de cuina industrial, hotelera, restaurants, bars, etc&#8230;tot aix\u00f2 es complica amb les necessitats higi\u00e8niques i de manteniment.<\/p>\n<\/div><\/section><br \/>\n<div  class='avia-button-wrap avia-button-left  avia-builder-el-7  el_after_av_textblock  avia-builder-el-last ' >\n<style type=\"text\/css\" data-created_by=\"avia_inline_auto\" id=\"style-css-av-av_button-8023828acbcb96796c680a32727a5fa8\">\n#top #wrap_all .avia-button.av-av_button-8023828acbcb96796c680a32727a5fa8{\nbackground-color:#99a405;\nborder-color:#99a405;\ncolor:#ffffff;\ntransition:all 0.4s ease-in-out;\n-webkit-transition:all 0.4s ease-in-out;\n-moz-transition:all 0.4s ease-in-out;\n-ms-transition:all 0.4s ease-in-out;\n-o-transition:all 0.4s ease-in-out;\n}\n<\/style>\n<a href=\"http:\/\/darlex.es\/wp-content\/uploads\/Darlex-cocina.pdf\" class=\"avia-button av-av_button-8023828acbcb96796c680a32727a5fa8 avia-icon_select-yes-left-icon avia-size-small avia-position-left \" target=\"_blank\" rel=\"noopener noreferrer\"><span class='avia_button_icon avia_button_icon_left' aria-hidden='true' data-av_icon='\ue82d' data-av_iconfont='entypo-fontello'><\/span><span class='avia_iconbox_title' >PDF Embornals i canals CUINA<\/span><\/a><\/div><\/p><\/div>\n<style type=\"text\/css\" data-created_by=\"avia_inline_auto\" id=\"style-css-av-av_one_half-c8fc129dc35fd1ae2a1e410224d39ea8\">\n.flex_column.av-av_one_half-c8fc129dc35fd1ae2a1e410224d39ea8{\nborder-radius:0px 0px 0px 0px;\n-webkit-border-radius:0px 0px 0px 0px;\n-moz-border-radius:0px 0px 0px 0px;\n}\n<\/style>\n<div class='flex_column av-av_one_half-c8fc129dc35fd1ae2a1e410224d39ea8 av_one_half  avia-builder-el-8  el_after_av_one_half  avia-builder-el-last  flex_column_div av-zero-column-padding '   ><section class=\"av_textblock_section \"  itemscope=\"itemscope\" itemtype=\"https:\/\/schema.org\/CreativeWork\" ><div class='avia_textblock  '   itemprop=\"text\" ><h3>M\u00e0xima adaptabilitat, m\u00e0xima polival\u00e8ncia, m\u00e0xima higiene, m\u00e0xima resist\u00e8ncia, tot aix\u00f2 minimitzant els problemes, maximitzant el rendiment.<\/h3>\n<p>Els canals i embornals de DARLEX per a cuines no el deixaran indiferent.<\/p>\n<\/div><\/section><br \/>\n<section class=\"av_textblock_section \"  itemscope=\"itemscope\" itemtype=\"https:\/\/schema.org\/CreativeWork\" ><div class='avia_textblock  '   itemprop=\"text\" ><p>DARLEX ha aconseguit, gr\u00e0cies a la col\u00b7laboraci\u00f3 amb les m\u00e9s prestigioses firmes hoteleres i enginyeries del sector, desenvolupar solucions per a l&#8217;evacuaci\u00f3 d&#8217;aigua residual en cuines i el tractament de les mateixes aconseguint una adequaci\u00f3 a la normativa europea EN1253, assegurant les exig\u00e8ncies del CTE, per\u00f2 sobretot complint amb les noves disposicions del holding europeu de refer\u00e8ncia en normativa d&#8217;higiene i seguretat en la ind\u00fastria aliment\u00e0ria. Tot aix\u00f2, a m\u00e9s, DARLEX ho aconsegueix en el m\u00ednim espai i al menor cost possible.<\/p>\n<p>Fabricats a les nostres instal acer inoxidable AISI 304 o AISI 316L, aconsegueixen bons cabals d&#8217;evacuaci\u00f3 amb m\u00ednimes d&#8217;ara, poden portar sif\u00f3 incorporat o no en funci\u00f3 de les seves necessitats. El sif\u00f3 pot ser extra\u00efble, es pot incorporar cistella de recollida de s\u00f2lids, es pot escollir entre sortida en 75 o 110 mm, entre sortida horitzontal o vertical, es poden realitzar models de canals segons les mesures que el projecte necessiti. Les canals i embornals DARLEX estan constru\u00efts en acer inoxidable per assegurar al client el m\u00e0xim rigor higi\u00e8nic, per\u00f2 tamb\u00e9 la m\u00e0xima exig\u00e8ncia t\u00e8cnica.<\/p>\n<p><strong>El client decideix i DARLEX construeix en el m\u00ednim temps possible a un cost just.<\/strong><\/p>\n<\/div><\/section><\/p><\/div>\n\n<\/div><\/div><\/div><!-- close content main div --><\/div><\/div>\n<style type=\"text\/css\" data-created_by=\"avia_inline_auto\" id=\"style-css-av-av_section-f342493862cc509dd93f08a2c8356ed0\">\n.avia-section.av-av_section-f342493862cc509dd93f08a2c8356ed0{\nbackground-color:#f4f4f4;\n}\n<\/style>\n<div id='av_section_3'  class='avia-section av-av_section-f342493862cc509dd93f08a2c8356ed0 main_color avia-section-default avia-no-border-styling  avia-builder-el-11  el_after_av_section  avia-builder-el-last  avia-bg-style-scroll  container_wrap sidebar_right'  ><div class='container av-section-cont-open' ><div class='template-page content  av-content-small alpha units'><div class='post-entry post-entry-type-page post-entry-2197'><div class='entry-content-wrapper clearfix'>\n\n<style type=\"text\/css\" data-created_by=\"avia_inline_auto\" id=\"style-css-av-av_heading-b06459ddd90b0408926510e4dc5d0cab\">\n#top .av-special-heading.av-av_heading-b06459ddd90b0408926510e4dc5d0cab{\npadding-bottom:30px;\nfont-size:33px;\n}\n<\/style>\n<div  class='av-special-heading av-av_heading-b06459ddd90b0408926510e4dc5d0cab av-special-heading-h3 blockquote modern-quote  avia-builder-el-12  el_before_av_one_third  avia-builder-el-first  av-inherit-size '><h3 class='av-special-heading-tag '  itemprop=\"headline\"  >Selecci\u00f3 de productes &#8211; CUINA<\/h3><div class='special-heading-border'><div class='special-heading-inner-border'><\/div><\/div><\/div>\n<div class='flex_column av-av_one_third-2a9015ff38129c418a3f2eafba3e9512 av_one_third  avia-builder-el-13  el_after_av_heading  el_before_av_one_third  first flex_column_div '   ><p>\n<style type=\"text\/css\" data-created_by=\"avia_inline_auto\" id=\"style-css-av-av_image-c3b11da7986607baaf60e4411d56fd56\">\n.avia-image-container.av-av_image-c3b11da7986607baaf60e4411d56fd56 .av-image-caption-overlay-center{\ncolor:#ffffff;\n}\n<\/style>\n<div  class='avia-image-container av-av_image-c3b11da7986607baaf60e4411d56fd56 av-styling- avia-align-center  avia-builder-el-14  el_before_av_textblock  avia-builder-el-first  '  itemprop=\"image\" itemscope=\"itemscope\" itemtype=\"https:\/\/schema.org\/ImageObject\" ><div class=\"avia-image-container-inner\"><div class=\"avia-image-overlay-wrap\"><img class='wp-image-4175 avia-img-lazy-loading-not-4175 avia_image' src=\"https:\/\/www.darlexsoluciones.es\/wp-content\/uploads\/imatges-apartats-sumideros-cocina.jpg\" alt='' title='imatges-apartats-sumideros-cocina'  height=\"400\" width=\"400\"  itemprop=\"thumbnailUrl\" srcset=\"https:\/\/www.darlexsoluciones.es\/wp-content\/uploads\/imatges-apartats-sumideros-cocina.jpg 400w, https:\/\/www.darlexsoluciones.es\/wp-content\/uploads\/imatges-apartats-sumideros-cocina-80x80.jpg 80w, https:\/\/www.darlexsoluciones.es\/wp-content\/uploads\/imatges-apartats-sumideros-cocina-300x300.jpg 300w, https:\/\/www.darlexsoluciones.es\/wp-content\/uploads\/imatges-apartats-sumideros-cocina-36x36.jpg 36w, https:\/\/www.darlexsoluciones.es\/wp-content\/uploads\/imatges-apartats-sumideros-cocina-180x180.jpg 180w, https:\/\/www.darlexsoluciones.es\/wp-content\/uploads\/imatges-apartats-sumideros-cocina-120x120.jpg 120w\" sizes=\"(max-width: 400px) 100vw, 400px\" \/><\/div><\/div><\/div><br \/>\n<section class=\"av_textblock_section \"  itemscope=\"itemscope\" itemtype=\"https:\/\/schema.org\/CreativeWork\" ><div class='avia_textblock  '   itemprop=\"text\" ><h3>Embornals i desguassos<\/h3>\n<\/div><\/section><br \/>\n<section class=\"av_textblock_section \"  itemscope=\"itemscope\" itemtype=\"https:\/\/schema.org\/CreativeWork\" ><div class='avia_textblock  '   itemprop=\"text\" ><p>Per paviments enrajolats o vin\u00edlics<\/p>\n<\/div><\/section><br \/>\n<div  class='avia-button-wrap avia-button-left  avia-builder-el-17  el_after_av_textblock  avia-builder-el-last ' >\n<style type=\"text\/css\" data-created_by=\"avia_inline_auto\" id=\"style-css-av-av_button-ae83431234da0e67b0b07162a0f9088d\">\n#top #wrap_all .avia-button.av-av_button-ae83431234da0e67b0b07162a0f9088d{\nbackground-color:#99a405;\nborder-color:#99a405;\ncolor:#ffffff;\ntransition:all 0.4s ease-in-out;\n-webkit-transition:all 0.4s ease-in-out;\n-moz-transition:all 0.4s ease-in-out;\n-ms-transition:all 0.4s ease-in-out;\n-o-transition:all 0.4s ease-in-out;\n}\n<\/style>\n<a href=\"http:\/\/darlex.es\/wp-content\/uploads\/Darlex-cocina-sumideros.pdf\" class=\"avia-button av-av_button-ae83431234da0e67b0b07162a0f9088d avia-icon_select-yes-left-icon avia-size-small avia-position-left \" target=\"_blank\" rel=\"noopener noreferrer\"><span class='avia_button_icon avia_button_icon_left' aria-hidden='true' data-av_icon='\ue82d' data-av_iconfont='entypo-fontello'><\/span><span class='avia_iconbox_title' >PDF Embornals i desguassos<\/span><\/a><\/div><\/p><\/div>\n<style type=\"text\/css\" data-created_by=\"avia_inline_auto\" id=\"style-css-av-av_one_third-c8fc129dc35fd1ae2a1e410224d39ea8\">\n.flex_column.av-av_one_third-c8fc129dc35fd1ae2a1e410224d39ea8{\nborder-radius:0px 0px 0px 0px;\n-webkit-border-radius:0px 0px 0px 0px;\n-moz-border-radius:0px 0px 0px 0px;\n}\n<\/style>\n<div class='flex_column av-av_one_third-c8fc129dc35fd1ae2a1e410224d39ea8 av_one_third  avia-builder-el-18  el_after_av_one_third  el_before_av_one_third  flex_column_div av-zero-column-padding '   ><p>\n<style type=\"text\/css\" data-created_by=\"avia_inline_auto\" id=\"style-css-av-av_image-7233fc248e2812359c47486d6eda693f\">\n.avia-image-container.av-av_image-7233fc248e2812359c47486d6eda693f .av-image-caption-overlay-center{\ncolor:#ffffff;\n}\n<\/style>\n<div  class='avia-image-container av-av_image-7233fc248e2812359c47486d6eda693f av-styling- avia-align-center  avia-builder-el-19  el_before_av_textblock  avia-builder-el-first  '  itemprop=\"image\" itemscope=\"itemscope\" itemtype=\"https:\/\/schema.org\/ImageObject\" ><div class=\"avia-image-container-inner\"><div class=\"avia-image-overlay-wrap\"><img class='wp-image-4181 avia-img-lazy-loading-not-4181 avia_image' src=\"https:\/\/www.darlexsoluciones.es\/wp-content\/uploads\/imatges-apartats-rejas-cocina.jpg\" alt='' title='imatges-apartats-rejas-cocina'  height=\"400\" width=\"400\"  itemprop=\"thumbnailUrl\" srcset=\"https:\/\/www.darlexsoluciones.es\/wp-content\/uploads\/imatges-apartats-rejas-cocina.jpg 400w, https:\/\/www.darlexsoluciones.es\/wp-content\/uploads\/imatges-apartats-rejas-cocina-80x80.jpg 80w, https:\/\/www.darlexsoluciones.es\/wp-content\/uploads\/imatges-apartats-rejas-cocina-300x300.jpg 300w, https:\/\/www.darlexsoluciones.es\/wp-content\/uploads\/imatges-apartats-rejas-cocina-36x36.jpg 36w, https:\/\/www.darlexsoluciones.es\/wp-content\/uploads\/imatges-apartats-rejas-cocina-180x180.jpg 180w, https:\/\/www.darlexsoluciones.es\/wp-content\/uploads\/imatges-apartats-rejas-cocina-120x120.jpg 120w\" sizes=\"(max-width: 400px) 100vw, 400px\" \/><\/div><\/div><\/div><br \/>\n<section class=\"av_textblock_section \"  itemscope=\"itemscope\" itemtype=\"https:\/\/schema.org\/CreativeWork\" ><div class='avia_textblock  '   itemprop=\"text\" ><h3>Marcs i reixes<\/h3>\n<\/div><\/section><br \/>\n<section class=\"av_textblock_section \"  itemscope=\"itemscope\" itemtype=\"https:\/\/schema.org\/CreativeWork\" ><div class='avia_textblock  '   itemprop=\"text\" ><p>En ferro inoxidable i m\u00ednima altura<\/p>\n<\/div><\/section><br \/>\n<div  class='avia-button-wrap avia-button-left  avia-builder-el-22  el_after_av_textblock  avia-builder-el-last ' >\n<style type=\"text\/css\" data-created_by=\"avia_inline_auto\" id=\"style-css-av-av_button-ba8db2b4f3577fda5a1e73699440c372\">\n#top #wrap_all .avia-button.av-av_button-ba8db2b4f3577fda5a1e73699440c372{\nbackground-color:#99a405;\nborder-color:#99a405;\ncolor:#ffffff;\ntransition:all 0.4s ease-in-out;\n-webkit-transition:all 0.4s ease-in-out;\n-moz-transition:all 0.4s ease-in-out;\n-ms-transition:all 0.4s ease-in-out;\n-o-transition:all 0.4s ease-in-out;\n}\n<\/style>\n<a href=\"http:\/\/darlex.es\/wp-content\/uploads\/Darlex-cocina-rejas.pdf\" class=\"avia-button av-av_button-ba8db2b4f3577fda5a1e73699440c372 avia-icon_select-yes-left-icon avia-size-small avia-position-left \" target=\"_blank\" rel=\"noopener noreferrer\"><span class='avia_button_icon avia_button_icon_left' aria-hidden='true' data-av_icon='\ue82d' data-av_iconfont='entypo-fontello'><\/span><span class='avia_iconbox_title' >PDF Marcs i reixes<\/span><\/a><\/div><\/p><\/div>\n<style type=\"text\/css\" data-created_by=\"avia_inline_auto\" id=\"style-css-av-av_one_third-c8fc129dc35fd1ae2a1e410224d39ea8\">\n.flex_column.av-av_one_third-c8fc129dc35fd1ae2a1e410224d39ea8{\nborder-radius:0px 0px 0px 0px;\n-webkit-border-radius:0px 0px 0px 0px;\n-moz-border-radius:0px 0px 0px 0px;\n}\n<\/style>\n<div class='flex_column av-av_one_third-c8fc129dc35fd1ae2a1e410224d39ea8 av_one_third  avia-builder-el-23  el_after_av_one_third  avia-builder-el-last  flex_column_div av-zero-column-padding '   ><p>\n<style type=\"text\/css\" data-created_by=\"avia_inline_auto\" id=\"style-css-av-av_image-856c0e8266beb26d2a7d3f3a6dd3d28e\">\n.avia-image-container.av-av_image-856c0e8266beb26d2a7d3f3a6dd3d28e .av-image-caption-overlay-center{\ncolor:#ffffff;\n}\n<\/style>\n<div  class='avia-image-container av-av_image-856c0e8266beb26d2a7d3f3a6dd3d28e av-styling- avia-align-center  avia-builder-el-24  el_before_av_textblock  avia-builder-el-first  '  itemprop=\"image\" itemscope=\"itemscope\" itemtype=\"https:\/\/schema.org\/ImageObject\" ><div class=\"avia-image-container-inner\"><div class=\"avia-image-overlay-wrap\"><img class='wp-image-4178 avia-img-lazy-loading-not-4178 avia_image' src=\"https:\/\/www.darlexsoluciones.es\/wp-content\/uploads\/imatges-apartats-canales-cocina.jpg\" alt='' title='imatges-apartats-canales-cocina'  height=\"400\" width=\"400\"  itemprop=\"thumbnailUrl\" srcset=\"https:\/\/www.darlexsoluciones.es\/wp-content\/uploads\/imatges-apartats-canales-cocina.jpg 400w, https:\/\/www.darlexsoluciones.es\/wp-content\/uploads\/imatges-apartats-canales-cocina-80x80.jpg 80w, https:\/\/www.darlexsoluciones.es\/wp-content\/uploads\/imatges-apartats-canales-cocina-300x300.jpg 300w, https:\/\/www.darlexsoluciones.es\/wp-content\/uploads\/imatges-apartats-canales-cocina-36x36.jpg 36w, https:\/\/www.darlexsoluciones.es\/wp-content\/uploads\/imatges-apartats-canales-cocina-180x180.jpg 180w, https:\/\/www.darlexsoluciones.es\/wp-content\/uploads\/imatges-apartats-canales-cocina-120x120.jpg 120w\" sizes=\"(max-width: 400px) 100vw, 400px\" \/><\/div><\/div><\/div><br \/>\n<section class=\"av_textblock_section \"  itemscope=\"itemscope\" itemtype=\"https:\/\/schema.org\/CreativeWork\" ><div class='avia_textblock  '   itemprop=\"text\" ><h3>Canals i canalines<\/h3>\n<\/div><\/section><br \/>\n<section class=\"av_textblock_section \"  itemscope=\"itemscope\" itemtype=\"https:\/\/schema.org\/CreativeWork\" ><div class='avia_textblock  '   itemprop=\"text\" ><p>Per paviments enrajolats o formig\u00f3<\/p>\n<\/div><\/section><br \/>\n<div  class='avia-button-wrap avia-button-left  avia-builder-el-27  el_after_av_textblock  avia-builder-el-last ' >\n<style type=\"text\/css\" data-created_by=\"avia_inline_auto\" id=\"style-css-av-av_button-9511c64119df6424ceedf7f4798b4327\">\n#top #wrap_all .avia-button.av-av_button-9511c64119df6424ceedf7f4798b4327{\nbackground-color:#99a405;\nborder-color:#99a405;\ncolor:#ffffff;\ntransition:all 0.4s ease-in-out;\n-webkit-transition:all 0.4s ease-in-out;\n-moz-transition:all 0.4s ease-in-out;\n-ms-transition:all 0.4s ease-in-out;\n-o-transition:all 0.4s ease-in-out;\n}\n<\/style>\n<a href=\"http:\/\/darlex.es\/wp-content\/uploads\/Darlex-cocina-canales.pdf\" class=\"avia-button av-av_button-9511c64119df6424ceedf7f4798b4327 avia-icon_select-yes-left-icon avia-size-small avia-position-left \" target=\"_blank\" rel=\"noopener noreferrer\"><span class='avia_button_icon avia_button_icon_left' aria-hidden='true' data-av_icon='\ue82d' data-av_iconfont='entypo-fontello'><\/span><span class='avia_iconbox_title' >PDF Canals i canalines<\/span><\/a><\/div><\/p><\/div><\/div><\/div><\/div><!-- close content main div --><\/div><\/div><div id='after_section_3'  class='main_color av_default_container_wrap container_wrap sidebar_right'  ><div class='container av-section-cont-open' ><div class='template-page content  av-content-small alpha units'><div class='post-entry post-entry-type-page post-entry-2197'><div class='entry-content-wrapper clearfix'>\n","protected":false},"excerpt":{"rendered":"","protected":false},"author":3,"featured_media":0,"parent":842,"menu_order":0,"comment_status":"closed","ping_status":"closed","template":"","meta":[],"_links":{"self":[{"href":"https:\/\/www.darlexsoluciones.es\/ca\/wp-json\/wp\/v2\/pages\/2197"}],"collection":[{"href":"https:\/\/www.darlexsoluciones.es\/ca\/wp-json\/wp\/v2\/pages"}],"about":[{"href":"https:\/\/www.darlexsoluciones.es\/ca\/wp-json\/wp\/v2\/types\/page"}],"author":[{"embeddable":true,"href":"https:\/\/www.darlexsoluciones.es\/ca\/wp-json\/wp\/v2\/users\/3"}],"replies":[{"embeddable":true,"href":"https:\/\/www.darlexsoluciones.es\/ca\/wp-json\/wp\/v2\/comments?post=2197"}],"version-history":[{"count":4,"href":"https:\/\/www.darlexsoluciones.es\/ca\/wp-json\/wp\/v2\/pages\/2197\/revisions"}],"predecessor-version":[{"id":2564,"href":"https:\/\/www.darlexsoluciones.es\/ca\/wp-json\/wp\/v2\/pages\/2197\/revisions\/2564"}],"up":[{"embeddable":true,"href":"https:\/\/www.darlexsoluciones.es\/ca\/wp-json\/wp\/v2\/pages\/842"}],"wp:attachment":[{"href":"https:\/\/www.darlexsoluciones.es\/ca\/wp-json\/wp\/v2\/media?parent=2197"}],"curies":[{"name":"wp","href":"https:\/\/api.w.org\/{rel}","templated":true}]}}