{"id":1065,"date":"2018-03-05T11:44:22","date_gmt":"2018-03-05T11:44:22","guid":{"rendered":"http:\/\/darlex.es\/?page_id=1065"},"modified":"2018-03-05T11:45:44","modified_gmt":"2018-03-05T11:45:44","slug":"projectes","status":"publish","type":"page","link":"https:\/\/www.darlexsoluciones.es\/ca\/pharma-2\/projectes\/","title":{"rendered":"Projectes"},"content":{"rendered":"<div id='layer_slider_1'  class='avia-layerslider main_color avia-shadow  avia-builder-el-0  el_before_av_portfolio  avia-builder-el-first  container_wrap sidebar_right'  style='height: 201px;'  ><\/div>\n<div  id=\"av-sc-portfolio-1\"  class=\"av-portfolio-grid-sorting-container\"><div class='sort_width_container  av-sort-yes' data-portfolio-id='1' ><div id='js_sort_items' ><div class='sort_by_cat hidden'><a href=\"#\" data-filter=\"all_sort\" class=\"all_sort_button active_sort\"><span class=\"inner_sort_button\"><span>All<\/span><small class=\"av-cat-count\"> 14 <\/small><\/span><\/a><span class='text-sep pharma-ca_sort_sep'>\/<\/span><a href=\"#\" data-filter=\"pharma-ca_sort\" class=\"pharma-ca_sort_button\" ><span class=\"inner_sort_button\"><span>Pharma<\/span><small class='av-cat-count'> 14 <\/small><\/span><\/a><\/div><\/div><\/div><div class='portfolio_preview_container ' data-portfolio-id='1'>\n\t\t\t\t\t\t\t\t<div class='ajax_controlls iconfont'>\n\t\t\t\t\t\t\t\t\t<a href='#prev' class='ajax_previous' \taria-hidden='true' data-av_icon='\ue878' data-av_iconfont='entypo-fontello'><\/a>\n\t\t\t\t\t\t\t\t\t<a href='#next' class='ajax_next'\t\taria-hidden='true' data-av_icon='\ue879' data-av_iconfont='entypo-fontello'><\/a>\n\t\t\t\t\t\t\t\t\t<a class='avia_close' href='#close'\t\taria-hidden='true' data-av_icon='\ue814' data-av_iconfont='entypo-fontello'><\/a>\n\t\t\t\t\t\t\t\t<\/div>\n\t\t\t\t\t\t\t\t<div class='portfolio-details-inner'><\/div>\n\t\t\t\t\t\t\t<\/div><div  class=' grid-sort-container isotope   no_margin-container with-excerpt-container grid-total-even grid-col-4 grid-links-ajax' data-portfolio-id='1'><div data-ajax-id='3144' class=' grid-entry flex_column isotope-item all_sort no_margin post-entry post-entry-3144 grid-entry-overview grid-loop-1 grid-parity-odd  pharma-ca_sort  av_one_fourth first default_av_fullwidth '><article class='main_color inner-entry'  itemscope=\"itemscope\" itemtype=\"https:\/\/schema.org\/CreativeWork\" ><a href=\"https:\/\/www.darlexsoluciones.es\/ca\/proyectos\/institut-valencia-doncologia-ivo\/\" title='Institut Valenci\u00e0 d&#8217;Oncologia &#8211; IVO'  data-rel='grid-1' class='grid-image avia-hover-fx'> <img width=\"260\" height=\"185\" src=\"https:\/\/www.darlexsoluciones.es\/wp-content\/uploads\/IVO-260x185.jpg\" class=\"wp-image-3142 avia-img-lazy-loading-not-3142 attachment-portfolio_small size-portfolio_small wp-post-image\" alt=\"\" \/><\/a><div class='grid-content'><div class='avia-arrow'><\/div><header class=\"entry-content-header\"><h3 class='grid-entry-title entry-title '  itemprop=\"headline\" ><a href='https:\/\/www.darlexsoluciones.es\/ca\/proyectos\/institut-valencia-doncologia-ivo\/' title='Institut Valenci\u00e0 d&#8217;Oncologia &#8211; IVO'>Institut Valenci\u00e0 d&#8217;Oncologia &#8211; IVO<\/a><\/h3><\/header><\/div><footer class=\"entry-footer\"><\/footer><\/article><\/div><div data-ajax-id='2982' class=' grid-entry flex_column isotope-item all_sort no_margin post-entry post-entry-2982 grid-entry-overview grid-loop-2 grid-parity-even  pharma-ca_sort  av_one_fourth  default_av_fullwidth '><article class='main_color inner-entry'  itemscope=\"itemscope\" itemtype=\"https:\/\/schema.org\/CreativeWork\" ><a href=\"https:\/\/www.darlexsoluciones.es\/ca\/proyectos\/laboratorios-ferrer\/\" title='Laboratorios Ferrer'  data-rel='grid-1' class='grid-image avia-hover-fx'> <img width=\"260\" height=\"185\" src=\"https:\/\/www.darlexsoluciones.es\/wp-content\/uploads\/laboratorios-ferrer-p-260x185.jpg\" class=\"wp-image-3032 avia-img-lazy-loading-not-3032 attachment-portfolio_small size-portfolio_small wp-post-image\" alt=\"\" \/><\/a><div class='grid-content'><div class='avia-arrow'><\/div><header class=\"entry-content-header\"><h3 class='grid-entry-title entry-title '  itemprop=\"headline\" ><a href='https:\/\/www.darlexsoluciones.es\/ca\/proyectos\/laboratorios-ferrer\/' title='Laboratorios Ferrer'>Laboratorios Ferrer<\/a><\/h3><\/header><\/div><footer class=\"entry-footer\"><\/footer><\/article><\/div><div data-ajax-id='2977' class=' grid-entry flex_column isotope-item all_sort no_margin post-entry post-entry-2977 grid-entry-overview grid-loop-3 grid-parity-odd  pharma-ca_sort  av_one_fourth  default_av_fullwidth '><article class='main_color inner-entry'  itemscope=\"itemscope\" itemtype=\"https:\/\/schema.org\/CreativeWork\" ><a href=\"https:\/\/www.darlexsoluciones.es\/ca\/proyectos\/hospital-nino-jesus\/\" title='Hospital Ni\u00f1o Jes\u00fas'  data-rel='grid-1' class='grid-image avia-hover-fx'> <img width=\"260\" height=\"185\" src=\"https:\/\/www.darlexsoluciones.es\/wp-content\/uploads\/hospital-nin\u0303o-jesus-p-260x185.jpg\" class=\"wp-image-3030 avia-img-lazy-loading-not-3030 attachment-portfolio_small size-portfolio_small wp-post-image\" alt=\"\" \/><\/a><div class='grid-content'><div class='avia-arrow'><\/div><header class=\"entry-content-header\"><h3 class='grid-entry-title entry-title '  itemprop=\"headline\" ><a href='https:\/\/www.darlexsoluciones.es\/ca\/proyectos\/hospital-nino-jesus\/' title='Hospital Ni\u00f1o Jes\u00fas'>Hospital Ni\u00f1o Jes\u00fas<\/a><\/h3><\/header><\/div><footer class=\"entry-footer\"><\/footer><\/article><\/div><div data-ajax-id='2968' class=' grid-entry flex_column isotope-item all_sort no_margin post-entry post-entry-2968 grid-entry-overview grid-loop-4 grid-parity-even  pharma-ca_sort  av_one_fourth  default_av_fullwidth '><article class='main_color inner-entry'  itemscope=\"itemscope\" itemtype=\"https:\/\/schema.org\/CreativeWork\" ><a href=\"https:\/\/www.darlexsoluciones.es\/ca\/proyectos\/bayer\/\" title='Bayer'  data-rel='grid-1' class='grid-image avia-hover-fx'> <img width=\"260\" height=\"185\" src=\"https:\/\/www.darlexsoluciones.es\/wp-content\/uploads\/bayer-5-260x185.jpg\" class=\"wp-image-2878 avia-img-lazy-loading-not-2878 attachment-portfolio_small size-portfolio_small wp-post-image\" alt=\"\" \/><\/a><div class='grid-content'><div class='avia-arrow'><\/div><header class=\"entry-content-header\"><h3 class='grid-entry-title entry-title '  itemprop=\"headline\" ><a href='https:\/\/www.darlexsoluciones.es\/ca\/proyectos\/bayer\/' title='Bayer'>Bayer<\/a><\/h3><\/header><\/div><footer class=\"entry-footer\"><\/footer><\/article><\/div><div data-ajax-id='2962' class=' grid-entry flex_column isotope-item all_sort no_margin post-entry post-entry-2962 grid-entry-overview grid-loop-5 grid-parity-odd  pharma-ca_sort  av_one_fourth first default_av_fullwidth '><article class='main_color inner-entry'  itemscope=\"itemscope\" itemtype=\"https:\/\/schema.org\/CreativeWork\" ><a href=\"https:\/\/www.darlexsoluciones.es\/ca\/proyectos\/barnatron\/\" title='Barnatron'  data-rel='grid-1' class='grid-image avia-hover-fx'> <img width=\"260\" height=\"185\" src=\"https:\/\/www.darlexsoluciones.es\/wp-content\/uploads\/barnatron-portada-260x185.jpg\" class=\"wp-image-3018 avia-img-lazy-loading-not-3018 attachment-portfolio_small size-portfolio_small wp-post-image\" alt=\"\" \/><\/a><div class='grid-content'><div class='avia-arrow'><\/div><header class=\"entry-content-header\"><h3 class='grid-entry-title entry-title '  itemprop=\"headline\" ><a href='https:\/\/www.darlexsoluciones.es\/ca\/proyectos\/barnatron\/' title='Barnatron'>Barnatron<\/a><\/h3><\/header><\/div><footer class=\"entry-footer\"><\/footer><\/article><\/div><div data-ajax-id='2436' class=' grid-entry flex_column isotope-item all_sort no_margin post-entry post-entry-2436 grid-entry-overview grid-loop-6 grid-parity-even  pharma-ca_sort  av_one_fourth  default_av_fullwidth '><article class='main_color inner-entry'  itemscope=\"itemscope\" itemtype=\"https:\/\/schema.org\/CreativeWork\" ><a href=\"https:\/\/www.darlexsoluciones.es\/ca\/proyectos\/universitat-de-granada\/\" title='Universitat de Granada'  data-rel='grid-1' class='grid-image avia-hover-fx'> <img width=\"260\" height=\"185\" src=\"https:\/\/www.darlexsoluciones.es\/wp-content\/uploads\/3d8d034ef0-260x185.jpg\" class=\"wp-image-2298 avia-img-lazy-loading-not-2298 attachment-portfolio_small size-portfolio_small wp-post-image\" alt=\"\" srcset=\"https:\/\/www.darlexsoluciones.es\/wp-content\/uploads\/3d8d034ef0-260x185.jpg 260w, https:\/\/www.darlexsoluciones.es\/wp-content\/uploads\/3d8d034ef0-845x600.jpg 845w\" sizes=\"(max-width: 260px) 100vw, 260px\" \/><\/a><div class='grid-content'><div class='avia-arrow'><\/div><header class=\"entry-content-header\"><h3 class='grid-entry-title entry-title '  itemprop=\"headline\" ><a href='https:\/\/www.darlexsoluciones.es\/ca\/proyectos\/universitat-de-granada\/' title='Universitat de Granada'>Universitat de Granada<\/a><\/h3><\/header><\/div><footer class=\"entry-footer\"><\/footer><\/article><\/div><div data-ajax-id='2432' class=' grid-entry flex_column isotope-item all_sort no_margin post-entry post-entry-2432 grid-entry-overview grid-loop-7 grid-parity-odd  pharma-ca_sort  av_one_fourth  default_av_fullwidth '><article class='main_color inner-entry'  itemscope=\"itemscope\" itemtype=\"https:\/\/schema.org\/CreativeWork\" ><a href=\"https:\/\/www.darlexsoluciones.es\/ca\/proyectos\/hospital-reina-sofia-cordoba\/\" title='Hospital Reina Sofia C\u00f3rdoba'  data-rel='grid-1' class='grid-image avia-hover-fx'> <img width=\"260\" height=\"185\" src=\"https:\/\/www.darlexsoluciones.es\/wp-content\/uploads\/Hospital-Sofia-Cordoba-Junta-Andalucia_EDIIMA20161123_0366_5-260x185.jpg\" class=\"wp-image-2294 avia-img-lazy-loading-not-2294 attachment-portfolio_small size-portfolio_small wp-post-image\" alt=\"\" \/><\/a><div class='grid-content'><div class='avia-arrow'><\/div><header class=\"entry-content-header\"><h3 class='grid-entry-title entry-title '  itemprop=\"headline\" ><a href='https:\/\/www.darlexsoluciones.es\/ca\/proyectos\/hospital-reina-sofia-cordoba\/' title='Hospital Reina Sofia C\u00f3rdoba'>Hospital Reina Sofia C\u00f3rdoba<\/a><\/h3><\/header><\/div><footer class=\"entry-footer\"><\/footer><\/article><\/div><div data-ajax-id='2428' class=' grid-entry flex_column isotope-item all_sort no_margin post-entry post-entry-2428 grid-entry-overview grid-loop-8 grid-parity-even  pharma-ca_sort  av_one_fourth  default_av_fullwidth '><article class='main_color inner-entry'  itemscope=\"itemscope\" itemtype=\"https:\/\/schema.org\/CreativeWork\" ><a href=\"https:\/\/www.darlexsoluciones.es\/ca\/proyectos\/hospital-sanitas-manises\/\" title='Hospital Sanitas Manises'  data-rel='grid-1' class='grid-image avia-hover-fx'> <img width=\"260\" height=\"185\" src=\"https:\/\/www.darlexsoluciones.es\/wp-content\/uploads\/hospital-manises-gestionado-por-sanitas-260x185.jpg\" class=\"wp-image-2289 avia-img-lazy-loading-not-2289 attachment-portfolio_small size-portfolio_small wp-post-image\" alt=\"\" \/><\/a><div class='grid-content'><div class='avia-arrow'><\/div><header class=\"entry-content-header\"><h3 class='grid-entry-title entry-title '  itemprop=\"headline\" ><a href='https:\/\/www.darlexsoluciones.es\/ca\/proyectos\/hospital-sanitas-manises\/' title='Hospital Sanitas Manises'>Hospital Sanitas Manises<\/a><\/h3><\/header><\/div><footer class=\"entry-footer\"><\/footer><\/article><\/div><div data-ajax-id='2423' class=' grid-entry flex_column isotope-item all_sort no_margin post-entry post-entry-2423 grid-entry-overview grid-loop-9 grid-parity-odd  pharma-ca_sort  av_one_fourth first default_av_fullwidth '><article class='main_color inner-entry'  itemscope=\"itemscope\" itemtype=\"https:\/\/schema.org\/CreativeWork\" ><a href=\"https:\/\/www.darlexsoluciones.es\/ca\/proyectos\/hospital-comarcal-nord-oest-murcia\/\" title='Hospital Comarcal Nord-oest M\u00farcia'  data-rel='grid-1' class='grid-image avia-hover-fx'> <img width=\"260\" height=\"185\" src=\"https:\/\/www.darlexsoluciones.es\/wp-content\/uploads\/capturadepantalla20170428ales184944_8e0120a8-260x185.png\" class=\"wp-image-2282 avia-img-lazy-loading-not-2282 attachment-portfolio_small size-portfolio_small wp-post-image\" alt=\"\" srcset=\"https:\/\/www.darlexsoluciones.es\/wp-content\/uploads\/capturadepantalla20170428ales184944_8e0120a8-260x185.png 260w, https:\/\/www.darlexsoluciones.es\/wp-content\/uploads\/capturadepantalla20170428ales184944_8e0120a8-300x214.png 300w, https:\/\/www.darlexsoluciones.es\/wp-content\/uploads\/capturadepantalla20170428ales184944_8e0120a8-768x547.png 768w, https:\/\/www.darlexsoluciones.es\/wp-content\/uploads\/capturadepantalla20170428ales184944_8e0120a8-705x502.png 705w, https:\/\/www.darlexsoluciones.es\/wp-content\/uploads\/capturadepantalla20170428ales184944_8e0120a8-450x320.png 450w, https:\/\/www.darlexsoluciones.es\/wp-content\/uploads\/capturadepantalla20170428ales184944_8e0120a8.png 990w\" sizes=\"(max-width: 260px) 100vw, 260px\" \/><\/a><div class='grid-content'><div class='avia-arrow'><\/div><header class=\"entry-content-header\"><h3 class='grid-entry-title entry-title '  itemprop=\"headline\" ><a href='https:\/\/www.darlexsoluciones.es\/ca\/proyectos\/hospital-comarcal-nord-oest-murcia\/' title='Hospital Comarcal Nord-oest M\u00farcia'>Hospital Comarcal Nord-oest M\u00farcia<\/a><\/h3><\/header><\/div><footer class=\"entry-footer\"><\/footer><\/article><\/div><div data-ajax-id='2415' class=' grid-entry flex_column isotope-item all_sort no_margin post-entry post-entry-2415 grid-entry-overview grid-loop-10 grid-parity-even  pharma-ca_sort  av_one_fourth  default_av_fullwidth '><article class='main_color inner-entry'  itemscope=\"itemscope\" itemtype=\"https:\/\/schema.org\/CreativeWork\" ><a href=\"https:\/\/www.darlexsoluciones.es\/ca\/proyectos\/hospital-clinic\/\" title='Hospital Clinic'  data-rel='grid-1' class='grid-image avia-hover-fx'> <img width=\"260\" height=\"185\" src=\"https:\/\/www.darlexsoluciones.es\/wp-content\/uploads\/hospital-clinic-260x185.jpg\" class=\"wp-image-2950 avia-img-lazy-loading-not-2950 attachment-portfolio_small size-portfolio_small wp-post-image\" alt=\"\" \/><\/a><div class='grid-content'><div class='avia-arrow'><\/div><header class=\"entry-content-header\"><h3 class='grid-entry-title entry-title '  itemprop=\"headline\" ><a href='https:\/\/www.darlexsoluciones.es\/ca\/proyectos\/hospital-clinic\/' title='Hospital Clinic'>Hospital Clinic<\/a><\/h3><\/header><\/div><footer class=\"entry-footer\"><\/footer><\/article><\/div><div data-ajax-id='2407' class=' grid-entry flex_column isotope-item all_sort no_margin post-entry post-entry-2407 grid-entry-overview grid-loop-11 grid-parity-odd  pharma-ca_sort  av_one_fourth  default_av_fullwidth '><article class='main_color inner-entry'  itemscope=\"itemscope\" itemtype=\"https:\/\/schema.org\/CreativeWork\" ><a href=\"https:\/\/www.darlexsoluciones.es\/ca\/proyectos\/grifols-parets-2\/\" title='Grifols Parets'  data-rel='grid-1' class='grid-image avia-hover-fx'> <img width=\"260\" height=\"185\" src=\"https:\/\/www.darlexsoluciones.es\/wp-content\/uploads\/6e6c94baa568feafc9a77470b2c1b00a_XL-260x185.jpg\" class=\"wp-image-2267 avia-img-lazy-loading-not-2267 attachment-portfolio_small size-portfolio_small wp-post-image\" alt=\"\" \/><\/a><div class='grid-content'><div class='avia-arrow'><\/div><header class=\"entry-content-header\"><h3 class='grid-entry-title entry-title '  itemprop=\"headline\" ><a href='https:\/\/www.darlexsoluciones.es\/ca\/proyectos\/grifols-parets-2\/' title='Grifols Parets'>Grifols Parets<\/a><\/h3><\/header><\/div><footer class=\"entry-footer\"><\/footer><\/article><\/div><div data-ajax-id='2403' class=' grid-entry flex_column isotope-item all_sort no_margin post-entry post-entry-2403 grid-entry-overview grid-loop-12 grid-parity-even  pharma-ca_sort  av_one_fourth  default_av_fullwidth '><article class='main_color inner-entry'  itemscope=\"itemscope\" itemtype=\"https:\/\/schema.org\/CreativeWork\" ><a href=\"https:\/\/www.darlexsoluciones.es\/ca\/proyectos\/grifols-brasil\/\" title='Grifols Brasil'  data-rel='grid-1' class='grid-image avia-hover-fx'> <img width=\"260\" height=\"185\" src=\"https:\/\/www.darlexsoluciones.es\/wp-content\/uploads\/000b47f6-800-260x185.jpg\" class=\"wp-image-2247 avia-img-lazy-loading-not-2247 attachment-portfolio_small size-portfolio_small wp-post-image\" alt=\"\" \/><\/a><div class='grid-content'><div class='avia-arrow'><\/div><header class=\"entry-content-header\"><h3 class='grid-entry-title entry-title '  itemprop=\"headline\" ><a href='https:\/\/www.darlexsoluciones.es\/ca\/proyectos\/grifols-brasil\/' title='Grifols Brasil'>Grifols Brasil<\/a><\/h3><\/header><\/div><footer class=\"entry-footer\"><\/footer><\/article><\/div><div data-ajax-id='2391' class=' grid-entry flex_column isotope-item all_sort no_margin post-entry post-entry-2391 grid-entry-overview grid-loop-13 grid-parity-odd  pharma-ca_sort  av_one_fourth first default_av_fullwidth '><article class='main_color inner-entry'  itemscope=\"itemscope\" itemtype=\"https:\/\/schema.org\/CreativeWork\" ><a href=\"https:\/\/www.darlexsoluciones.es\/ca\/proyectos\/biofarm-technology\/\" title='Biofarm Technology'  data-rel='grid-1' class='grid-image avia-hover-fx'> <img width=\"260\" height=\"185\" src=\"https:\/\/www.darlexsoluciones.es\/wp-content\/uploads\/biofarm-portada-260x185.jpg\" class=\"wp-image-2860 avia-img-lazy-loading-not-2860 attachment-portfolio_small size-portfolio_small wp-post-image\" alt=\"\" \/><\/a><div class='grid-content'><div class='avia-arrow'><\/div><header class=\"entry-content-header\"><h3 class='grid-entry-title entry-title '  itemprop=\"headline\" ><a href='https:\/\/www.darlexsoluciones.es\/ca\/proyectos\/biofarm-technology\/' title='Biofarm Technology'>Biofarm Technology<\/a><\/h3><\/header><\/div><footer class=\"entry-footer\"><\/footer><\/article><\/div><div data-ajax-id='2363' class=' grid-entry flex_column isotope-item all_sort no_margin post-entry post-entry-2363 grid-entry-overview grid-loop-14 grid-parity-even  post-entry-last  pharma-ca_sort  av_one_fourth  default_av_fullwidth '><article class='main_color inner-entry'  itemscope=\"itemscope\" itemtype=\"https:\/\/schema.org\/CreativeWork\" ><a href=\"https:\/\/www.darlexsoluciones.es\/ca\/proyectos\/dutxa-aire-plastics-omnium\/\" title='Dutxa d&#8217;aire Plastics Omnium'  data-rel='grid-1' class='grid-image avia-hover-fx'> <img width=\"260\" height=\"185\" src=\"https:\/\/www.darlexsoluciones.es\/wp-content\/uploads\/Sin-ti\u0301tulo-2-2-260x185.png\" class=\"wp-image-2307 avia-img-lazy-loading-not-2307 attachment-portfolio_small size-portfolio_small wp-post-image\" alt=\"\" \/><\/a><div class='grid-content'><div class='avia-arrow'><\/div><header class=\"entry-content-header\"><h3 class='grid-entry-title entry-title '  itemprop=\"headline\" ><a href='https:\/\/www.darlexsoluciones.es\/ca\/proyectos\/dutxa-aire-plastics-omnium\/' title='Dutxa d&#8217;aire Plastics Omnium'>Dutxa d&#8217;aire Plastics Omnium<\/a><\/h3><\/header><\/div><footer class=\"entry-footer\"><\/footer><\/article><\/div><\/div><\/div>   <!--   class=\"av-portfolio-grid-sorting-container\"  -->\n","protected":false},"excerpt":{"rendered":"","protected":false},"author":4,"featured_media":0,"parent":1076,"menu_order":0,"comment_status":"open","ping_status":"closed","template":"","meta":[],"_links":{"self":[{"href":"https:\/\/www.darlexsoluciones.es\/ca\/wp-json\/wp\/v2\/pages\/1065"}],"collection":[{"href":"https:\/\/www.darlexsoluciones.es\/ca\/wp-json\/wp\/v2\/pages"}],"about":[{"href":"https:\/\/www.darlexsoluciones.es\/ca\/wp-json\/wp\/v2\/types\/page"}],"author":[{"embeddable":true,"href":"https:\/\/www.darlexsoluciones.es\/ca\/wp-json\/wp\/v2\/users\/4"}],"replies":[{"embeddable":true,"href":"https:\/\/www.darlexsoluciones.es\/ca\/wp-json\/wp\/v2\/comments?post=1065"}],"version-history":[{"count":2,"href":"https:\/\/www.darlexsoluciones.es\/ca\/wp-json\/wp\/v2\/pages\/1065\/revisions"}],"predecessor-version":[{"id":1098,"href":"https:\/\/www.darlexsoluciones.es\/ca\/wp-json\/wp\/v2\/pages\/1065\/revisions\/1098"}],"up":[{"embeddable":true,"href":"https:\/\/www.darlexsoluciones.es\/ca\/wp-json\/wp\/v2\/pages\/1076"}],"wp:attachment":[{"href":"https:\/\/www.darlexsoluciones.es\/ca\/wp-json\/wp\/v2\/media?parent=1065"}],"curies":[{"name":"wp","href":"https:\/\/api.w.org\/{rel}","templated":true}]}}